{"id":14,"date":"2021-06-15T07:20:57","date_gmt":"2021-06-15T07:20:57","guid":{"rendered":"http:\/\/localhost\/bb-website\/?page_id=14"},"modified":"2023-08-02T08:29:22","modified_gmt":"2023-08-02T08:29:22","slug":"o-nas","status":"publish","type":"page","link":"https:\/\/blackblox.si\/en\/o-nas\/","title":{"rendered":"About us"},"content":{"rendered":"<div data-elementor-type=\"wp-page\" data-elementor-id=\"14\" class=\"elementor elementor-14\">\n\t\t\t\t\t\t<section class=\"elementor-section elementor-top-section elementor-element elementor-element-f5b5082 elementor-section-boxed elementor-section-height-default elementor-section-height-default\" data-id=\"f5b5082\" data-element_type=\"section\" data-e-type=\"section\">\n\t\t\t\t\t\t<div class=\"elementor-container elementor-column-gap-default\">\n\t\t\t\t\t<div class=\"elementor-column elementor-col-100 elementor-top-column elementor-element elementor-element-b9a6e88\" data-id=\"b9a6e88\" data-element_type=\"column\" data-e-type=\"column\">\n\t\t\t<div class=\"elementor-widget-wrap elementor-element-populated\">\n\t\t\t\t\t\t<div class=\"elementor-element elementor-element-3b9fe4f elementor-widget-mobile__width-initial elementor-widget elementor-widget-text-editor\" data-id=\"3b9fe4f\" data-element_type=\"widget\" data-e-type=\"widget\" data-widget_type=\"text-editor.default\">\n\t\t\t\t<div class=\"elementor-widget-container\">\n\t\t\t\t\t\t\t\t\t<h1 style=\"font-size: 50px;\"><strong style=\"font-weight: bold;\">We create<\/strong>\u00a0customised solutions<\/h1>\t\t\t\t\t\t\t\t<\/div>\n\t\t\t\t<\/div>\n\t\t\t\t\t<\/div>\n\t\t<\/div>\n\t\t\t\t\t<\/div>\n\t\t<\/section>\n\t\t\t\t<section class=\"elementor-section elementor-top-section elementor-element elementor-element-17df456 elementor-section-content-middle elementor-section-stretched elementor-section-boxed elementor-section-height-default elementor-section-height-default\" data-id=\"17df456\" data-element_type=\"section\" data-e-type=\"section\" data-settings=\"{&quot;stretch_section&quot;:&quot;section-stretched&quot;,&quot;background_background&quot;:&quot;classic&quot;}\">\n\t\t\t\t\t\t\t<div class=\"elementor-background-overlay\"><\/div>\n\t\t\t\t\t\t\t<div class=\"elementor-container elementor-column-gap-narrow\">\n\t\t\t\t\t<div class=\"elementor-column elementor-col-100 elementor-top-column elementor-element elementor-element-90551c3\" data-id=\"90551c3\" data-element_type=\"column\" data-e-type=\"column\">\n\t\t\t<div class=\"elementor-widget-wrap elementor-element-populated\">\n\t\t\t\t\t\t<div class=\"elementor-element elementor-element-8cb04c1 elementor-widget-mobile__width-initial elementor-widget__width-initial elementor-widget elementor-widget-text-editor\" data-id=\"8cb04c1\" data-element_type=\"widget\" data-e-type=\"widget\" data-widget_type=\"text-editor.default\">\n\t\t\t\t<div class=\"elementor-widget-container\">\n\t\t\t\t\t\t\t\t\t<h2><strong>Learn more about us and get to know us better!<\/strong><\/h2><div><strong>\u00a0<\/strong><\/div><p><span style=\"font-size: 20px; font-weight: normal; letter-spacing: var( --e-global-typography-0e8d155-letter-spacing ); word-spacing: var( --e-global-typography-0e8d155-word-spacing ); color: #4a4a4a;\">Blackblox Ltd. is a leading Slovenian company in the fields of<\/span> <span style=\"font-size: 20px; font-weight: normal; letter-spacing: var( --e-global-typography-0e8d155-letter-spacing ); word-spacing: var( --e-global-typography-0e8d155-word-spacing ); color: #4a4a4a;\">development of tracking devices, time registration and smart solutions to optimise operations. Through our own hardware and software development, we offer professional solutions tailored to the needs and wishes of our customers. More about us and our services <a href=\"https:\/\/blackblox.si\/en\/nasi-projekti\/\">tells us successful projects<\/a>.<\/span><\/p><p><span style=\"font-weight: normal;\">\u00a0<\/span><\/p><p><span style=\"font-weight: normal;\">BLACKBLOX tracking and tracing systems meet the highest demands of road hauliers, passenger and logistics service providers and private users.  They are designed to track different types of vehicles, goods and people in the field.<\/span><\/p>\t\t\t\t\t\t\t\t<\/div>\n\t\t\t\t<\/div>\n\t\t\t\t\t<\/div>\n\t\t<\/div>\n\t\t\t\t\t<\/div>\n\t\t<\/section>\n\t\t\t\t<section class=\"elementor-section elementor-top-section elementor-element elementor-element-5b56fe7 elementor-section-content-middle elementor-section-boxed elementor-section-height-default elementor-section-height-default\" data-id=\"5b56fe7\" data-element_type=\"section\" data-e-type=\"section\">\n\t\t\t\t\t\t<div class=\"elementor-container elementor-column-gap-default\">\n\t\t\t\t\t<div class=\"elementor-column elementor-col-100 elementor-top-column elementor-element elementor-element-2c30f81\" data-id=\"2c30f81\" data-element_type=\"column\" data-e-type=\"column\">\n\t\t\t<div class=\"elementor-widget-wrap elementor-element-populated\">\n\t\t\t\t\t\t<div class=\"elementor-element elementor-element-d6706fa elementor-mobile-align-center elementor-align-center elementor-widget elementor-widget-button\" data-id=\"d6706fa\" data-element_type=\"widget\" data-e-type=\"widget\" data-widget_type=\"button.default\">\n\t\t\t\t<div class=\"elementor-widget-container\">\n\t\t\t\t\t\t\t\t\t<div class=\"elementor-button-wrapper\">\n\t\t\t\t\t<a class=\"elementor-button elementor-button-link elementor-size-sm\" href=\"https:\/\/blackblox.si\/en\/nasi-projekti\/\">\n\t\t\t\t\t\t<span class=\"elementor-button-content-wrapper\">\n\t\t\t\t\t\t\t\t\t<span class=\"elementor-button-text\">OUR PROJECTS<\/span>\n\t\t\t\t\t<\/span>\n\t\t\t\t\t<\/a>\n\t\t\t\t<\/div>\n\t\t\t\t\t\t\t\t<\/div>\n\t\t\t\t<\/div>\n\t\t\t\t<div class=\"elementor-element elementor-element-7d7f865 elementor-widget elementor-widget-heading\" data-id=\"7d7f865\" data-element_type=\"widget\" data-e-type=\"widget\" data-widget_type=\"heading.default\">\n\t\t\t\t<div class=\"elementor-widget-container\">\n\t\t\t\t\t<h3 class=\"elementor-heading-title elementor-size-default\">Our projects say more about us than words can describe.<\/h3>\t\t\t\t<\/div>\n\t\t\t\t<\/div>\n\t\t\t\t<div class=\"elementor-element elementor-element-ae8af1d elementor-widget-mobile__width-initial elementor-widget elementor-widget-text-editor\" data-id=\"ae8af1d\" data-element_type=\"widget\" data-e-type=\"widget\" data-widget_type=\"text-editor.default\">\n\t\t\t\t<div class=\"elementor-widget-container\">\n\t\t\t\t\t\t\t\t\t<p><span style=\"font-weight: normal;\">Our range of services is diverse, as we work with companies from different sectors such as logistics, customer service, healthcare, sports, security, etc. We improve the quality and efficiency of operations through innovative solutions for automating control functions, operational management and work processes.&nbsp;<\/span><\/p>\t\t\t\t\t\t\t\t<\/div>\n\t\t\t\t<\/div>\n\t\t\t\t\t<\/div>\n\t\t<\/div>\n\t\t\t\t\t<\/div>\n\t\t<\/section>\n\t\t\t\t<section class=\"elementor-section elementor-top-section elementor-element elementor-element-c048664 elementor-section-boxed elementor-section-height-default elementor-section-height-default\" data-id=\"c048664\" data-element_type=\"section\" data-e-type=\"section\">\n\t\t\t\t\t\t<div class=\"elementor-container elementor-column-gap-default\">\n\t\t\t\t\t<div class=\"elementor-column elementor-col-100 elementor-top-column elementor-element elementor-element-fd21724\" data-id=\"fd21724\" data-element_type=\"column\" data-e-type=\"column\">\n\t\t\t<div class=\"elementor-widget-wrap elementor-element-populated\">\n\t\t\t\t\t\t<div class=\"elementor-element elementor-element-5f3d762 elementor-widget elementor-widget-text-editor\" data-id=\"5f3d762\" data-element_type=\"widget\" data-e-type=\"widget\" data-widget_type=\"text-editor.default\">\n\t\t\t\t<div class=\"elementor-widget-container\">\n\t\t\t\t\t\t\t\t\t<p><span style=\"color: #e6af6e;\"><br><strong>&gt;&gt;&nbsp;<\/strong>Who are people at Blackblox Ltd.?<\/span><\/p>\t\t\t\t\t\t\t\t<\/div>\n\t\t\t\t<\/div>\n\t\t\t\t<div class=\"elementor-element elementor-element-9e24319 elementor-widget-divider--view-line elementor-widget elementor-widget-divider\" data-id=\"9e24319\" data-element_type=\"widget\" data-e-type=\"widget\" data-widget_type=\"divider.default\">\n\t\t\t\t<div class=\"elementor-widget-container\">\n\t\t\t\t\t\t\t<div class=\"elementor-divider\">\n\t\t\t<span class=\"elementor-divider-separator\">\n\t\t\t\t\t\t<\/span>\n\t\t<\/div>\n\t\t\t\t\t\t<\/div>\n\t\t\t\t<\/div>\n\t\t\t\t<div class=\"elementor-element elementor-element-1c3498e elementor-widget-mobile__width-initial elementor-widget__width-initial elementor-widget elementor-widget-text-editor\" data-id=\"1c3498e\" data-element_type=\"widget\" data-e-type=\"widget\" data-widget_type=\"text-editor.default\">\n\t\t\t\t<div class=\"elementor-widget-container\">\n\t\t\t\t\t\t\t\t\t<p><span style=\"font-weight: normal;\">At Blackblox Ltd., we are created by innovative and highly motivated employees and external collaborators. We build on our high level of competence with new challenges and goals, which we achieve through original and innovative solutions.<\/span><\/p>\t\t\t\t\t\t\t\t<\/div>\n\t\t\t\t<\/div>\n\t\t\t\t\t<\/div>\n\t\t<\/div>\n\t\t\t\t\t<\/div>\n\t\t<\/section>\n\t\t\t\t<section class=\"elementor-section elementor-top-section elementor-element elementor-element-9a20f66 elementor-section-boxed elementor-section-height-default elementor-section-height-default\" data-id=\"9a20f66\" data-element_type=\"section\" data-e-type=\"section\" data-settings=\"{&quot;background_background&quot;:&quot;classic&quot;}\">\n\t\t\t\t\t\t<div class=\"elementor-container elementor-column-gap-default\">\n\t\t\t\t\t<div class=\"elementor-column elementor-col-100 elementor-top-column elementor-element elementor-element-6b6cd85\" data-id=\"6b6cd85\" data-element_type=\"column\" data-e-type=\"column\">\n\t\t\t<div class=\"elementor-widget-wrap elementor-element-populated\">\n\t\t\t\t\t\t<div class=\"elementor-element elementor-element-9ba384b elementor-widget elementor-widget-text-editor\" data-id=\"9ba384b\" data-element_type=\"widget\" data-e-type=\"widget\" data-widget_type=\"text-editor.default\">\n\t\t\t\t<div class=\"elementor-widget-container\">\n\t\t\t\t\t\t\t\t\t<p>\u00a0<\/p><p style=\"font-variant-ligatures: normal; font-variant-caps: normal; font-family: Montserrat; font-size: 20px; font-style: normal; font-weight: 400;\">\u00a0<\/p><p style=\"font-variant-ligatures: normal; font-variant-caps: normal; font-family: Montserrat; font-size: 20px; font-style: normal; font-weight: 400;\">\u00a0<\/p><p style=\"font-variant-ligatures: normal; font-variant-caps: normal; font-family: Montserrat; font-size: 20px; font-style: normal; font-weight: 400;\"><span style=\"font-variant-ligatures: normal; font-variant-caps: normal; font-family: Montserrat; font-size: 20px; font-style: normal; font-weight: 400;\">Our customers are our partners. Therefore, we listen to them carefully to fulfill their demands. We are open to criticism and suggestions.\u00a0<\/span><\/p><p style=\"font-variant-ligatures: normal; font-variant-caps: normal; font-family: Montserrat; font-size: 20px; font-style: normal; font-weight: 400;\"><span style=\"font-variant-ligatures: normal; font-variant-caps: normal; font-family: Montserrat; font-size: 20px; font-style: normal; font-weight: 400;\">This enables continuous improvement of our solutions and services.<\/span><\/p>\t\t\t\t\t\t\t\t<\/div>\n\t\t\t\t<\/div>\n\t\t\t\t\t<\/div>\n\t\t<\/div>\n\t\t\t\t\t<\/div>\n\t\t<\/section>\n\t\t\t\t<section class=\"elementor-section elementor-top-section elementor-element elementor-element-f7db697 elementor-section-full_width elementor-section-stretched elementor-section-height-default elementor-section-height-default\" data-id=\"f7db697\" data-element_type=\"section\" data-e-type=\"section\" data-settings=\"{&quot;stretch_section&quot;:&quot;section-stretched&quot;}\">\n\t\t\t\t\t\t<div class=\"elementor-container elementor-column-gap-default\">\n\t\t\t\t\t<div class=\"elementor-column elementor-col-100 elementor-top-column elementor-element elementor-element-8172acd\" data-id=\"8172acd\" data-element_type=\"column\" data-e-type=\"column\">\n\t\t\t<div class=\"elementor-widget-wrap elementor-element-populated\">\n\t\t\t\t\t\t<section class=\"elementor-section elementor-inner-section elementor-element elementor-element-79b1f6b elementor-section-boxed elementor-section-height-default elementor-section-height-default\" data-id=\"79b1f6b\" data-element_type=\"section\" data-e-type=\"section\">\n\t\t\t\t\t\t<div class=\"elementor-container elementor-column-gap-default\">\n\t\t\t\t\t<div class=\"elementor-column elementor-col-50 elementor-inner-column elementor-element elementor-element-70611c3\" data-id=\"70611c3\" data-element_type=\"column\" data-e-type=\"column\">\n\t\t\t<div class=\"elementor-widget-wrap elementor-element-populated\">\n\t\t\t\t\t\t<div class=\"elementor-element elementor-element-7b3ff33 elementor-widget__width-initial elementor-widget elementor-widget-image\" data-id=\"7b3ff33\" data-element_type=\"widget\" data-e-type=\"widget\" data-widget_type=\"image.default\">\n\t\t\t\t<div class=\"elementor-widget-container\">\n\t\t\t\t\t\t\t\t\t\t\t\t\t\t\t<img fetchpriority=\"high\" decoding=\"async\" width=\"1024\" height=\"614\" src=\"https:\/\/blackblox.si\/wp-content\/uploads\/2022\/07\/Logo-4-1024x614.png\" class=\"attachment-large size-large wp-image-1876\" alt=\"BLACKBLOX logotip vertikalna postavitev \/ Za\u010detna stran\" srcset=\"https:\/\/blackblox.si\/wp-content\/uploads\/2022\/07\/Logo-4-1024x614.png 1024w, https:\/\/blackblox.si\/wp-content\/uploads\/2022\/07\/Logo-4-300x180.png 300w, https:\/\/blackblox.si\/wp-content\/uploads\/2022\/07\/Logo-4-768x461.png 768w, https:\/\/blackblox.si\/wp-content\/uploads\/2022\/07\/Logo-4-1536x921.png 1536w, https:\/\/blackblox.si\/wp-content\/uploads\/2022\/07\/Logo-4.png 1667w\" sizes=\"(max-width: 1024px) 100vw, 1024px\" \/>\t\t\t\t\t\t\t\t\t\t\t\t\t\t\t<\/div>\n\t\t\t\t<\/div>\n\t\t\t\t\t<\/div>\n\t\t<\/div>\n\t\t\t\t<div class=\"elementor-column elementor-col-50 elementor-inner-column elementor-element elementor-element-74d1084\" data-id=\"74d1084\" data-element_type=\"column\" data-e-type=\"column\">\n\t\t\t<div class=\"elementor-widget-wrap elementor-element-populated\">\n\t\t\t\t\t\t<div class=\"elementor-element elementor-element-0cac633 elementor-widget__width-initial elementor-widget elementor-widget-heading\" data-id=\"0cac633\" data-element_type=\"widget\" data-e-type=\"widget\" data-widget_type=\"heading.default\">\n\t\t\t\t<div class=\"elementor-widget-container\">\n\t\t\t\t\t<h1 class=\"elementor-heading-title elementor-size-default\">Identity card<\/h1>\t\t\t\t<\/div>\n\t\t\t\t<\/div>\n\t\t\t\t<div class=\"elementor-element elementor-element-44ecf77 elementor-widget__width-initial elementor-widget elementor-widget-text-editor\" data-id=\"44ecf77\" data-element_type=\"widget\" data-e-type=\"widget\" data-widget_type=\"text-editor.default\">\n\t\t\t\t<div class=\"elementor-widget-container\">\n\t\t\t\t\t\t\t\t\t<p>Blackblox Ltd.<\/p><p>Mijav\u010deva ulica 16<br \/>1291 \u0160kofljica<br \/>Slovenija<\/p><p>Telephone: +386 (0)1 2364 880<br \/>Fax: +386 (0)1 2364 889<br \/>E-mail: info@blackblox.si<\/p><p>Registration number: 5997321000<br \/>VAT ID: SI71393897 (the company is taxable)<br \/>IBAN: SI56 0400 1004 8040 694; SWIFT: KBMASI2X<\/p>\t\t\t\t\t\t\t\t<\/div>\n\t\t\t\t<\/div>\n\t\t\t\t\t<\/div>\n\t\t<\/div>\n\t\t\t\t\t<\/div>\n\t\t<\/section>\n\t\t\t\t\t<\/div>\n\t\t<\/div>\n\t\t\t\t\t<\/div>\n\t\t<\/section>\n\t\t\t\t<\/div>","protected":false},"excerpt":{"rendered":"<p>Ustvarjamo re\u0161itve&nbsp;po meri uporabnikov Preberite ve\u010d o nas in nas bolje spoznajte! &nbsp; Blackblox d.o.o. je vodilno slovensko podjetje na podro\u010djih razvoja sledilnih naprav, registracije delovnega \u010dasa in pametnih re\u0161itev za optimizacijo poslovanja. Z lastnim razvojem strojne in programske opreme nudimo profesionalne re\u0161itve, prilagojene potrebam in \u017eeljam svojih strank. Ve\u010d o nas in na\u0161ih storitvah [&hellip;]<\/p>","protected":false},"author":1,"featured_media":0,"parent":0,"menu_order":0,"comment_status":"closed","ping_status":"closed","template":"","meta":{"ocean_post_layout":"","ocean_both_sidebars_style":"","ocean_both_sidebars_content_width":0,"ocean_both_sidebars_sidebars_width":0,"ocean_sidebar":"0","ocean_second_sidebar":"0","ocean_disable_margins":"enable","ocean_add_body_class":"","ocean_shortcode_before_top_bar":"","ocean_shortcode_after_top_bar":"","ocean_shortcode_before_header":"","ocean_shortcode_after_header":"","ocean_has_shortcode":"","ocean_shortcode_after_title":"","ocean_shortcode_before_footer_widgets":"","ocean_shortcode_after_footer_widgets":"","ocean_shortcode_before_footer_bottom":"","ocean_shortcode_after_footer_bottom":"","ocean_display_top_bar":"default","ocean_display_header":"default","ocean_header_style":"","ocean_center_header_left_menu":"0","ocean_custom_header_template":"0","ocean_custom_logo":0,"ocean_custom_retina_logo":0,"ocean_custom_logo_max_width":0,"ocean_custom_logo_tablet_max_width":0,"ocean_custom_logo_mobile_max_width":0,"ocean_custom_logo_max_height":0,"ocean_custom_logo_tablet_max_height":0,"ocean_custom_logo_mobile_max_height":0,"ocean_header_custom_menu":"0","ocean_menu_typo_font_family":"0","ocean_menu_typo_font_subset":"","ocean_menu_typo_font_size":0,"ocean_menu_typo_font_size_tablet":0,"ocean_menu_typo_font_size_mobile":0,"ocean_menu_typo_font_size_unit":"px","ocean_menu_typo_font_weight":"","ocean_menu_typo_font_weight_tablet":"","ocean_menu_typo_font_weight_mobile":"","ocean_menu_typo_transform":"","ocean_menu_typo_transform_tablet":"","ocean_menu_typo_transform_mobile":"","ocean_menu_typo_line_height":0,"ocean_menu_typo_line_height_tablet":0,"ocean_menu_typo_line_height_mobile":0,"ocean_menu_typo_line_height_unit":"","ocean_menu_typo_spacing":0,"ocean_menu_typo_spacing_tablet":0,"ocean_menu_typo_spacing_mobile":0,"ocean_menu_typo_spacing_unit":"","ocean_menu_link_color":"","ocean_menu_link_color_hover":"","ocean_menu_link_color_active":"","ocean_menu_link_background":"","ocean_menu_link_hover_background":"","ocean_menu_link_active_background":"","ocean_menu_social_links_bg":"","ocean_menu_social_hover_links_bg":"","ocean_menu_social_links_color":"","ocean_menu_social_hover_links_color":"","ocean_disable_title":"on","ocean_disable_heading":"default","ocean_post_title":"","ocean_post_subheading":"","ocean_post_title_style":"","ocean_post_title_background_color":"","ocean_post_title_background":0,"ocean_post_title_bg_image_position":"","ocean_post_title_bg_image_attachment":"","ocean_post_title_bg_image_repeat":"","ocean_post_title_bg_image_size":"","ocean_post_title_height":0,"ocean_post_title_bg_overlay":0.5,"ocean_post_title_bg_overlay_color":"","ocean_disable_breadcrumbs":"default","ocean_breadcrumbs_color":"","ocean_breadcrumbs_separator_color":"","ocean_breadcrumbs_links_color":"","ocean_breadcrumbs_links_hover_color":"","ocean_display_footer_widgets":"default","ocean_display_footer_bottom":"default","ocean_custom_footer_template":"0","footnotes":""},"class_list":["post-14","page","type-page","status-publish","hentry","entry"],"yoast_head":"<!-- This site is optimized with the Yoast SEO plugin v20.10 - https:\/\/yoast.com\/wordpress\/plugins\/seo\/ -->\n<title>O nas - BLACKBLOX<\/title>\n<meta name=\"description\" content=\"Blackblox d.o.o. je vodilno slovensko podjetje na podro\u010dju razvoja sledilnih naprav. Ve\u010d o nas si lahko preberete v tem zavihku.\" \/>\n<meta name=\"robots\" content=\"index, follow, max-snippet:-1, max-image-preview:large, max-video-preview:-1\" \/>\n<link rel=\"canonical\" href=\"https:\/\/blackblox.si\/en\/o-nas\/\" \/>\n<meta property=\"og:locale\" content=\"en_US\" \/>\n<meta property=\"og:type\" content=\"article\" \/>\n<meta property=\"og:title\" content=\"O nas - BLACKBLOX\" \/>\n<meta property=\"og:description\" content=\"Blackblox d.o.o. je vodilno slovensko podjetje na podro\u010dju razvoja sledilnih naprav. Ve\u010d o nas si lahko preberete v tem zavihku.\" \/>\n<meta property=\"og:url\" content=\"https:\/\/blackblox.si\/en\/o-nas\/\" \/>\n<meta property=\"og:site_name\" content=\"BLACKBLOX\" \/>\n<meta property=\"article:publisher\" content=\"https:\/\/www.facebook.com\/blackbloxsocial\/\" \/>\n<meta property=\"article:modified_time\" content=\"2023-08-02T08:29:22+00:00\" \/>\n<meta property=\"og:image\" content=\"https:\/\/blackblox.si\/wp-content\/uploads\/2022\/07\/Logo-4-1024x614.png\" \/>\n<meta name=\"twitter:card\" content=\"summary_large_image\" \/>\n<meta name=\"twitter:label1\" content=\"Est. reading time\" \/>\n\t<meta name=\"twitter:data1\" content=\"2 minutes\" \/>\n<script type=\"application\/ld+json\" class=\"yoast-schema-graph\">{\"@context\":\"https:\/\/schema.org\",\"@graph\":[{\"@type\":\"WebPage\",\"@id\":\"https:\/\/blackblox.si\/o-nas\/\",\"url\":\"https:\/\/blackblox.si\/o-nas\/\",\"name\":\"O nas - BLACKBLOX\",\"isPartOf\":{\"@id\":\"https:\/\/blackblox.si\/#website\"},\"datePublished\":\"2021-06-15T07:20:57+00:00\",\"dateModified\":\"2023-08-02T08:29:22+00:00\",\"description\":\"Blackblox d.o.o. je vodilno slovensko podjetje na podro\u010dju razvoja sledilnih naprav. Ve\u010d o nas si lahko preberete v tem zavihku.\",\"breadcrumb\":{\"@id\":\"https:\/\/blackblox.si\/o-nas\/#breadcrumb\"},\"inLanguage\":\"en-US\",\"potentialAction\":[{\"@type\":\"ReadAction\",\"target\":[\"https:\/\/blackblox.si\/o-nas\/\"]}]},{\"@type\":\"BreadcrumbList\",\"@id\":\"https:\/\/blackblox.si\/o-nas\/#breadcrumb\",\"itemListElement\":[{\"@type\":\"ListItem\",\"position\":1,\"name\":\"Home\",\"item\":\"https:\/\/blackblox.si\/\"},{\"@type\":\"ListItem\",\"position\":2,\"name\":\"O nas\"}]},{\"@type\":\"WebSite\",\"@id\":\"https:\/\/blackblox.si\/#website\",\"url\":\"https:\/\/blackblox.si\/\",\"name\":\"BLACKBLOX\",\"description\":\"BLACKBLOX\",\"publisher\":{\"@id\":\"https:\/\/blackblox.si\/#organization\"},\"potentialAction\":[{\"@type\":\"SearchAction\",\"target\":{\"@type\":\"EntryPoint\",\"urlTemplate\":\"https:\/\/blackblox.si\/?s={search_term_string}\"},\"query-input\":\"required name=search_term_string\"}],\"inLanguage\":\"en-US\"},{\"@type\":\"Organization\",\"@id\":\"https:\/\/blackblox.si\/#organization\",\"name\":\"Blackblox d. o. o.\",\"url\":\"https:\/\/blackblox.si\/\",\"logo\":{\"@type\":\"ImageObject\",\"inLanguage\":\"en-US\",\"@id\":\"https:\/\/blackblox.si\/#\/schema\/logo\/image\/\",\"url\":\"https:\/\/blackblox.si\/wp-content\/uploads\/2022\/07\/cropped-Logo-4.1.-1.png\",\"contentUrl\":\"https:\/\/blackblox.si\/wp-content\/uploads\/2022\/07\/cropped-Logo-4.1.-1.png\",\"width\":4509,\"height\":953,\"caption\":\"Blackblox d. o. o.\"},\"image\":{\"@id\":\"https:\/\/blackblox.si\/#\/schema\/logo\/image\/\"},\"sameAs\":[\"https:\/\/www.facebook.com\/blackbloxsocial\/\",\"https:\/\/www.linkedin.com\/company\/blackbloxsi\/\"]}]}<\/script>\n<!-- \/ Yoast SEO plugin. -->","yoast_head_json":{"title":"O nas - BLACKBLOX","description":"Blackblox d.o.o. je vodilno slovensko podjetje na podro\u010dju razvoja sledilnih naprav. Ve\u010d o nas si lahko preberete v tem zavihku.","robots":{"index":"index","follow":"follow","max-snippet":"max-snippet:-1","max-image-preview":"max-image-preview:large","max-video-preview":"max-video-preview:-1"},"canonical":"https:\/\/blackblox.si\/en\/o-nas\/","og_locale":"en_US","og_type":"article","og_title":"O nas - BLACKBLOX","og_description":"Blackblox d.o.o. je vodilno slovensko podjetje na podro\u010dju razvoja sledilnih naprav. Ve\u010d o nas si lahko preberete v tem zavihku.","og_url":"https:\/\/blackblox.si\/en\/o-nas\/","og_site_name":"BLACKBLOX","article_publisher":"https:\/\/www.facebook.com\/blackbloxsocial\/","article_modified_time":"2023-08-02T08:29:22+00:00","og_image":[{"url":"https:\/\/blackblox.si\/wp-content\/uploads\/2022\/07\/Logo-4-1024x614.png"}],"twitter_card":"summary_large_image","twitter_misc":{"Est. reading time":"2 minutes"},"schema":{"@context":"https:\/\/schema.org","@graph":[{"@type":"WebPage","@id":"https:\/\/blackblox.si\/o-nas\/","url":"https:\/\/blackblox.si\/o-nas\/","name":"O nas - BLACKBLOX","isPartOf":{"@id":"https:\/\/blackblox.si\/#website"},"datePublished":"2021-06-15T07:20:57+00:00","dateModified":"2023-08-02T08:29:22+00:00","description":"Blackblox d.o.o. je vodilno slovensko podjetje na podro\u010dju razvoja sledilnih naprav. Ve\u010d o nas si lahko preberete v tem zavihku.","breadcrumb":{"@id":"https:\/\/blackblox.si\/o-nas\/#breadcrumb"},"inLanguage":"en-US","potentialAction":[{"@type":"ReadAction","target":["https:\/\/blackblox.si\/o-nas\/"]}]},{"@type":"BreadcrumbList","@id":"https:\/\/blackblox.si\/o-nas\/#breadcrumb","itemListElement":[{"@type":"ListItem","position":1,"name":"Home","item":"https:\/\/blackblox.si\/"},{"@type":"ListItem","position":2,"name":"O nas"}]},{"@type":"WebSite","@id":"https:\/\/blackblox.si\/#website","url":"https:\/\/blackblox.si\/","name":"BLACKBLOX","description":"BLACKBLOX","publisher":{"@id":"https:\/\/blackblox.si\/#organization"},"potentialAction":[{"@type":"SearchAction","target":{"@type":"EntryPoint","urlTemplate":"https:\/\/blackblox.si\/?s={search_term_string}"},"query-input":"required name=search_term_string"}],"inLanguage":"en-US"},{"@type":"Organization","@id":"https:\/\/blackblox.si\/#organization","name":"Blackblox d. o. o.","url":"https:\/\/blackblox.si\/","logo":{"@type":"ImageObject","inLanguage":"en-US","@id":"https:\/\/blackblox.si\/#\/schema\/logo\/image\/","url":"https:\/\/blackblox.si\/wp-content\/uploads\/2022\/07\/cropped-Logo-4.1.-1.png","contentUrl":"https:\/\/blackblox.si\/wp-content\/uploads\/2022\/07\/cropped-Logo-4.1.-1.png","width":4509,"height":953,"caption":"Blackblox d. o. o."},"image":{"@id":"https:\/\/blackblox.si\/#\/schema\/logo\/image\/"},"sameAs":["https:\/\/www.facebook.com\/blackbloxsocial\/","https:\/\/www.linkedin.com\/company\/blackbloxsi\/"]}]}},"_links":{"self":[{"href":"https:\/\/blackblox.si\/en\/wp-json\/wp\/v2\/pages\/14","targetHints":{"allow":["GET"]}}],"collection":[{"href":"https:\/\/blackblox.si\/en\/wp-json\/wp\/v2\/pages"}],"about":[{"href":"https:\/\/blackblox.si\/en\/wp-json\/wp\/v2\/types\/page"}],"author":[{"embeddable":true,"href":"https:\/\/blackblox.si\/en\/wp-json\/wp\/v2\/users\/1"}],"replies":[{"embeddable":true,"href":"https:\/\/blackblox.si\/en\/wp-json\/wp\/v2\/comments?post=14"}],"version-history":[{"count":190,"href":"https:\/\/blackblox.si\/en\/wp-json\/wp\/v2\/pages\/14\/revisions"}],"predecessor-version":[{"id":3924,"href":"https:\/\/blackblox.si\/en\/wp-json\/wp\/v2\/pages\/14\/revisions\/3924"}],"wp:attachment":[{"href":"https:\/\/blackblox.si\/en\/wp-json\/wp\/v2\/media?parent=14"}],"curies":[{"name":"wp","href":"https:\/\/api.w.org\/{rel}","templated":true}]}}