{"id":3529,"date":"2023-07-12T11:13:18","date_gmt":"2023-07-12T11:13:18","guid":{"rendered":"https:\/\/blackblox.si\/?page_id=3529"},"modified":"2023-08-01T08:56:01","modified_gmt":"2023-08-01T08:56:01","slug":"pogosta-vprasanja","status":"publish","type":"page","link":"https:\/\/blackblox.si\/en\/pogosta-vprasanja\/","title":{"rendered":"Frequently Asked Questions"},"content":{"rendered":"<div data-elementor-type=\"wp-page\" data-elementor-id=\"3529\" class=\"elementor elementor-3529\">\n\t\t\t\t\t\t<section class=\"elementor-section elementor-top-section elementor-element elementor-element-e05ff12 elementor-section-boxed elementor-section-height-default elementor-section-height-default\" data-id=\"e05ff12\" data-element_type=\"section\" data-e-type=\"section\">\n\t\t\t\t\t\t<div class=\"elementor-container elementor-column-gap-default\">\n\t\t\t\t\t<div class=\"elementor-column elementor-col-100 elementor-top-column elementor-element elementor-element-41664b1\" data-id=\"41664b1\" data-element_type=\"column\" data-e-type=\"column\">\n\t\t\t<div class=\"elementor-widget-wrap elementor-element-populated\">\n\t\t\t\t\t\t<div class=\"elementor-element elementor-element-c0bd3d6 elementor-widget elementor-widget-heading\" data-id=\"c0bd3d6\" data-element_type=\"widget\" data-e-type=\"widget\" data-widget_type=\"heading.default\">\n\t\t\t\t<div class=\"elementor-widget-container\">\n\t\t\t\t\t<h1 class=\"elementor-heading-title elementor-size-default\">Frequently Asked Questions<\/h1>\t\t\t\t<\/div>\n\t\t\t\t<\/div>\n\t\t\t\t\t<\/div>\n\t\t<\/div>\n\t\t\t\t\t<\/div>\n\t\t<\/section>\n\t\t\t\t<section class=\"elementor-section elementor-top-section elementor-element elementor-element-1123c14 elementor-section-boxed elementor-section-height-default elementor-section-height-default\" data-id=\"1123c14\" data-element_type=\"section\" data-e-type=\"section\">\n\t\t\t\t\t\t<div class=\"elementor-container elementor-column-gap-default\">\n\t\t\t\t\t<div class=\"elementor-column elementor-col-100 elementor-top-column elementor-element elementor-element-3c48c82\" data-id=\"3c48c82\" data-element_type=\"column\" data-e-type=\"column\">\n\t\t\t<div class=\"elementor-widget-wrap elementor-element-populated\">\n\t\t\t\t\t\t<div class=\"elementor-element elementor-element-472d28b elementor-widget elementor-widget-heading\" data-id=\"472d28b\" data-element_type=\"widget\" data-e-type=\"widget\" data-widget_type=\"heading.default\">\n\t\t\t\t<div class=\"elementor-widget-container\">\n\t\t\t\t\t<h2 class=\"elementor-heading-title elementor-size-default\">How does BLACKBLOX gadget work?<\/h2>\t\t\t\t<\/div>\n\t\t\t\t<\/div>\n\t\t\t\t<div class=\"elementor-element elementor-element-5258446 elementor-widget elementor-widget-text-editor\" data-id=\"5258446\" data-element_type=\"widget\" data-e-type=\"widget\" data-widget_type=\"text-editor.default\">\n\t\t\t\t<div class=\"elementor-widget-container\">\n\t\t\t\t\t\t\t\t\t<p style=\"font-variant-ligatures: normal; font-variant-caps: normal; font-family: Montserrat; font-size: 14px; font-style: normal; font-weight: 400; color: rgb(0, 0, 0); text-align: justify;\">BLACKBLOX works by collecting your vehicle's location data using GPS and transmitting it over the mobile network to<i style=\"font-size: 14px;\">&nbsp;<\/i>a server where the data is stored. You can view the collected data using the BLACKBLOX web app.<\/p><p style=\"font-variant-ligatures: normal; font-variant-caps: normal; font-family: Montserrat; font-size: 14px; font-style: normal; font-weight: 400; color: rgb(0, 0, 0); text-align: justify;\">BLACKBLOX devices can be monitored wherever a GSM signal is available. In case of GSM signal failure, the positions are recorded in the internal memory of the device and synchronised with the BLACKBLOX system when the data connection is re-established.<\/p><p style=\"font-variant-ligatures: normal; font-variant-caps: normal; font-family: Montserrat; font-size: 14px; font-style: normal; font-weight: 400; color: rgb(0, 0, 0); text-align: justify;\">BLACKBLOX devices have a built-in acceleration sensor that detects vehicle movement even if the vehicle moves without the key. If you wish, the BLACKBLOX system will send you a warning SMS about these and similar events.<\/p><p style=\"font-variant-ligatures: normal; font-variant-caps: normal; font-family: Montserrat; font-size: 14px; font-style: normal; font-weight: 400; color: rgb(0, 0, 0); text-align: justify;\">Would you like further information about the condition of your vehicle or goods? With various sensors you can monitor the temperature in the load compartment, monitor the open loading door, the utility service can monitor the condition of the plough or spreader and much more. On top of all this, the installation of a smart card reader also allows you to identify the driver, automatically providing you with a record of the vehicle's occupants.<\/p>\t\t\t\t\t\t\t\t<\/div>\n\t\t\t\t<\/div>\n\t\t\t\t\t<\/div>\n\t\t<\/div>\n\t\t\t\t\t<\/div>\n\t\t<\/section>\n\t\t\t\t<section class=\"elementor-section elementor-top-section elementor-element elementor-element-8d78a94 elementor-section-boxed elementor-section-height-default elementor-section-height-default\" data-id=\"8d78a94\" data-element_type=\"section\" data-e-type=\"section\">\n\t\t\t\t\t\t<div class=\"elementor-container elementor-column-gap-default\">\n\t\t\t\t\t<div class=\"elementor-column elementor-col-100 elementor-top-column elementor-element elementor-element-5f2f417\" data-id=\"5f2f417\" data-element_type=\"column\" data-e-type=\"column\">\n\t\t\t<div class=\"elementor-widget-wrap elementor-element-populated\">\n\t\t\t\t\t\t<div class=\"elementor-element elementor-element-36a7c3c elementor-widget elementor-widget-heading\" data-id=\"36a7c3c\" data-element_type=\"widget\" data-e-type=\"widget\" data-widget_type=\"heading.default\">\n\t\t\t\t<div class=\"elementor-widget-container\">\n\t\t\t\t\t<h2 class=\"elementor-heading-title elementor-size-default\">How does BLACKBLOX work?<\/h2>\t\t\t\t<\/div>\n\t\t\t\t<\/div>\n\t\t\t\t<div class=\"elementor-element elementor-element-0fcd14c elementor-widget elementor-widget-text-editor\" data-id=\"0fcd14c\" data-element_type=\"widget\" data-e-type=\"widget\" data-widget_type=\"text-editor.default\">\n\t\t\t\t<div class=\"elementor-widget-container\">\n\t\t\t\t\t\t\t\t\t<p style=\"font-variant-ligatures: normal; font-variant-caps: normal; font-family: Montserrat; font-size: 14px; font-style: normal; font-weight: 400; color: #000000; text-align: justify;\">You can view all the data collected in BLACKBLOX on your PC, smartphone or tablet. The app is easy to use and transparent.<\/p><p style=\"font-variant-ligatures: normal; font-variant-caps: normal; font-family: Montserrat; font-size: 14px; font-style: normal; font-weight: 400; color: #000000; text-align: justify;\">In addition to a visual overview of the status and movement of vehicles, it also allows you to generate a variety of reports. In addition to the text report, you can also produce reports in graphical format, which is particularly useful when displaying the status of sensors, e.g. temperature display. You can also export the data in different formats for processing with other software.<\/p><p style=\"font-variant-ligatures: normal; font-variant-caps: normal; font-family: Montserrat; font-size: 14px; font-style: normal; font-weight: 400; color: #000000; text-align: justify;\">In conjunction with the navigation device, you can send location messages to the vehicle or have the driver send them to your centre.<\/p>\t\t\t\t\t\t\t\t<\/div>\n\t\t\t\t<\/div>\n\t\t\t\t\t<\/div>\n\t\t<\/div>\n\t\t\t\t\t<\/div>\n\t\t<\/section>\n\t\t\t\t<section class=\"elementor-section elementor-top-section elementor-element elementor-element-9eda2f3 elementor-section-boxed elementor-section-height-default elementor-section-height-default\" data-id=\"9eda2f3\" data-element_type=\"section\" data-e-type=\"section\">\n\t\t\t\t\t\t<div class=\"elementor-container elementor-column-gap-default\">\n\t\t\t\t\t<div class=\"elementor-column elementor-col-100 elementor-top-column elementor-element elementor-element-4a38189\" data-id=\"4a38189\" data-element_type=\"column\" data-e-type=\"column\">\n\t\t\t<div class=\"elementor-widget-wrap elementor-element-populated\">\n\t\t\t\t\t\t<div class=\"elementor-element elementor-element-0751b1a elementor-widget elementor-widget-heading\" data-id=\"0751b1a\" data-element_type=\"widget\" data-e-type=\"widget\" data-widget_type=\"heading.default\">\n\t\t\t\t<div class=\"elementor-widget-container\">\n\t\t\t\t\t<h2 class=\"elementor-heading-title elementor-size-default\">What are the advantages of BLACKBLOX devices?<\/h2>\t\t\t\t<\/div>\n\t\t\t\t<\/div>\n\t\t\t\t<div class=\"elementor-element elementor-element-9186a9b elementor-widget elementor-widget-text-editor\" data-id=\"9186a9b\" data-element_type=\"widget\" data-e-type=\"widget\" data-widget_type=\"text-editor.default\">\n\t\t\t\t<div class=\"elementor-widget-container\">\n\t\t\t\t\t\t\t\t\t<ul style=\"padding-inline-start: 48px\">\n \t<li style=\"margin-bottom: 15px;\">Easy to use system.<\/li>\n \t<li style=\"margin-bottom: 15px;\">Easy development and production of the complete system from device to application.<\/li>\n \t<li style=\"margin-bottom: 15px;\">Easy installation of devices.<\/li>\n \t<li style=\"margin-bottom: 15px;\">Reliable system performance.<\/li>\n \t<li style=\"margin-bottom: 15px;\">Strong technical and consultancy support.<\/li>\n<\/ul>\t\t\t\t\t\t\t\t<\/div>\n\t\t\t\t<\/div>\n\t\t\t\t\t<\/div>\n\t\t<\/div>\n\t\t\t\t\t<\/div>\n\t\t<\/section>\n\t\t\t\t<section class=\"elementor-section elementor-top-section elementor-element elementor-element-ed8dea4 elementor-section-boxed elementor-section-height-default elementor-section-height-default\" data-id=\"ed8dea4\" data-element_type=\"section\" data-e-type=\"section\">\n\t\t\t\t\t\t<div class=\"elementor-container elementor-column-gap-default\">\n\t\t\t\t\t<div class=\"elementor-column elementor-col-100 elementor-top-column elementor-element elementor-element-5bec098\" data-id=\"5bec098\" data-element_type=\"column\" data-e-type=\"column\">\n\t\t\t<div class=\"elementor-widget-wrap elementor-element-populated\">\n\t\t\t\t\t\t<div class=\"elementor-element elementor-element-9eba8a5 elementor-widget elementor-widget-heading\" data-id=\"9eba8a5\" data-element_type=\"widget\" data-e-type=\"widget\" data-widget_type=\"heading.default\">\n\t\t\t\t<div class=\"elementor-widget-container\">\n\t\t\t\t\t<h2 class=\"elementor-heading-title elementor-size-default\">What about the cost of BLACKBLOX devices?<\/h2>\t\t\t\t<\/div>\n\t\t\t\t<\/div>\n\t\t\t\t<div class=\"elementor-element elementor-element-c8ee0c1 elementor-widget elementor-widget-text-editor\" data-id=\"c8ee0c1\" data-element_type=\"widget\" data-e-type=\"widget\" data-widget_type=\"text-editor.default\">\n\t\t\t\t<div class=\"elementor-widget-container\">\n\t\t\t\t\t\t\t\t\t<p class=\" translation-block\">You must be wondering what the cost<span style=\"font-size: 14px;letter-spacing: var( --e-global-typography-7a34638-letter-spacing )\"> of running a device is. With our various offers we\u00a0<\/span><span style=\"font-size: 14px;letter-spacing: var( --e-global-typography-7a34638-letter-spacing )\">have made sure that your costs are kept to a minimum. It is possible to pay data and service costs either monthly or annually.<\/span><\/p>\t\t\t\t\t\t\t\t<\/div>\n\t\t\t\t<\/div>\n\t\t\t\t\t<\/div>\n\t\t<\/div>\n\t\t\t\t\t<\/div>\n\t\t<\/section>\n\t\t\t\t<\/div>","protected":false},"excerpt":{"rendered":"<p>Pogosta vpra\u0161anja Kako deluje naprava BLACKBLOX? Naprava BLACKBLOX deluje tako, da zbira podatke o lokaciji va\u0161ega vozila s pomo\u010djo GPS-a in jih posreduje preko mobilnega omre\u017eja na&nbsp;stre\u017enik, kjer se podatki shranijo. Zbrane podatke pregledujete s pomo\u010djo spletne aplikacije BLACKBLOX. BLACKBLOX naprave lahko spremljate povsod, kjer je na voljo GSM signal. V primeru izpada GSM signala [&hellip;]<\/p>","protected":false},"author":1,"featured_media":0,"parent":0,"menu_order":0,"comment_status":"closed","ping_status":"closed","template":"","meta":{"ocean_post_layout":"","ocean_both_sidebars_style":"","ocean_both_sidebars_content_width":0,"ocean_both_sidebars_sidebars_width":0,"ocean_sidebar":"0","ocean_second_sidebar":"0","ocean_disable_margins":"enable","ocean_add_body_class":"","ocean_shortcode_before_top_bar":"","ocean_shortcode_after_top_bar":"","ocean_shortcode_before_header":"","ocean_shortcode_after_header":"","ocean_has_shortcode":"","ocean_shortcode_after_title":"","ocean_shortcode_before_footer_widgets":"","ocean_shortcode_after_footer_widgets":"","ocean_shortcode_before_footer_bottom":"","ocean_shortcode_after_footer_bottom":"","ocean_display_top_bar":"default","ocean_display_header":"default","ocean_header_style":"","ocean_center_header_left_menu":"0","ocean_custom_header_template":"0","ocean_custom_logo":0,"ocean_custom_retina_logo":0,"ocean_custom_logo_max_width":0,"ocean_custom_logo_tablet_max_width":0,"ocean_custom_logo_mobile_max_width":0,"ocean_custom_logo_max_height":0,"ocean_custom_logo_tablet_max_height":0,"ocean_custom_logo_mobile_max_height":0,"ocean_header_custom_menu":"0","ocean_menu_typo_font_family":"0","ocean_menu_typo_font_subset":"","ocean_menu_typo_font_size":0,"ocean_menu_typo_font_size_tablet":0,"ocean_menu_typo_font_size_mobile":0,"ocean_menu_typo_font_size_unit":"px","ocean_menu_typo_font_weight":"","ocean_menu_typo_font_weight_tablet":"","ocean_menu_typo_font_weight_mobile":"","ocean_menu_typo_transform":"","ocean_menu_typo_transform_tablet":"","ocean_menu_typo_transform_mobile":"","ocean_menu_typo_line_height":0,"ocean_menu_typo_line_height_tablet":0,"ocean_menu_typo_line_height_mobile":0,"ocean_menu_typo_line_height_unit":"","ocean_menu_typo_spacing":0,"ocean_menu_typo_spacing_tablet":0,"ocean_menu_typo_spacing_mobile":0,"ocean_menu_typo_spacing_unit":"","ocean_menu_link_color":"","ocean_menu_link_color_hover":"","ocean_menu_link_color_active":"","ocean_menu_link_background":"","ocean_menu_link_hover_background":"","ocean_menu_link_active_background":"","ocean_menu_social_links_bg":"","ocean_menu_social_hover_links_bg":"","ocean_menu_social_links_color":"","ocean_menu_social_hover_links_color":"","ocean_disable_title":"on","ocean_disable_heading":"default","ocean_post_title":"","ocean_post_subheading":"","ocean_post_title_style":"","ocean_post_title_background_color":"","ocean_post_title_background":0,"ocean_post_title_bg_image_position":"","ocean_post_title_bg_image_attachment":"","ocean_post_title_bg_image_repeat":"","ocean_post_title_bg_image_size":"","ocean_post_title_height":0,"ocean_post_title_bg_overlay":0.5,"ocean_post_title_bg_overlay_color":"","ocean_disable_breadcrumbs":"default","ocean_breadcrumbs_color":"","ocean_breadcrumbs_separator_color":"","ocean_breadcrumbs_links_color":"","ocean_breadcrumbs_links_hover_color":"","ocean_display_footer_widgets":"default","ocean_display_footer_bottom":"default","ocean_custom_footer_template":"0","footnotes":""},"class_list":["post-3529","page","type-page","status-publish","hentry","entry"],"yoast_head":"<!-- This site is optimized with the Yoast SEO plugin v20.10 - https:\/\/yoast.com\/wordpress\/plugins\/seo\/ -->\n<title>Pogosta vpra\u0161anja - BLACKBLOX<\/title>\n<meta name=\"description\" content=\"Zbrali smo pogosta vpra\u0161anja, ki nam jih zastavljajo stranke in uporabniki na\u0161ih aplikacij. Za dodatna smo vam na voljo na info@blackblox.si.\" \/>\n<meta name=\"robots\" content=\"index, follow, max-snippet:-1, max-image-preview:large, max-video-preview:-1\" \/>\n<link rel=\"canonical\" href=\"https:\/\/blackblox.si\/en\/pogosta-vprasanja\/\" \/>\n<meta property=\"og:locale\" content=\"en_US\" \/>\n<meta property=\"og:type\" content=\"article\" \/>\n<meta property=\"og:title\" content=\"Pogosta vpra\u0161anja - BLACKBLOX\" \/>\n<meta property=\"og:description\" content=\"Zbrali smo pogosta vpra\u0161anja, ki nam jih zastavljajo stranke in uporabniki na\u0161ih aplikacij. Za dodatna smo vam na voljo na info@blackblox.si.\" \/>\n<meta property=\"og:url\" content=\"https:\/\/blackblox.si\/en\/pogosta-vprasanja\/\" \/>\n<meta property=\"og:site_name\" content=\"BLACKBLOX\" \/>\n<meta property=\"article:publisher\" content=\"https:\/\/www.facebook.com\/blackbloxsocial\/\" \/>\n<meta property=\"article:modified_time\" content=\"2023-08-01T08:56:01+00:00\" \/>\n<meta name=\"twitter:card\" content=\"summary_large_image\" \/>\n<meta name=\"twitter:label1\" content=\"Est. reading time\" \/>\n\t<meta name=\"twitter:data1\" content=\"2 minutes\" \/>\n<script type=\"application\/ld+json\" class=\"yoast-schema-graph\">{\"@context\":\"https:\/\/schema.org\",\"@graph\":[{\"@type\":\"WebPage\",\"@id\":\"https:\/\/blackblox.si\/pogosta-vprasanja\/\",\"url\":\"https:\/\/blackblox.si\/pogosta-vprasanja\/\",\"name\":\"Pogosta vpra\u0161anja - BLACKBLOX\",\"isPartOf\":{\"@id\":\"https:\/\/blackblox.si\/#website\"},\"datePublished\":\"2023-07-12T11:13:18+00:00\",\"dateModified\":\"2023-08-01T08:56:01+00:00\",\"description\":\"Zbrali smo pogosta vpra\u0161anja, ki nam jih zastavljajo stranke in uporabniki na\u0161ih aplikacij. Za dodatna smo vam na voljo na info@blackblox.si.\",\"breadcrumb\":{\"@id\":\"https:\/\/blackblox.si\/pogosta-vprasanja\/#breadcrumb\"},\"inLanguage\":\"en-US\",\"potentialAction\":[{\"@type\":\"ReadAction\",\"target\":[\"https:\/\/blackblox.si\/pogosta-vprasanja\/\"]}]},{\"@type\":\"BreadcrumbList\",\"@id\":\"https:\/\/blackblox.si\/pogosta-vprasanja\/#breadcrumb\",\"itemListElement\":[{\"@type\":\"ListItem\",\"position\":1,\"name\":\"Home\",\"item\":\"https:\/\/blackblox.si\/\"},{\"@type\":\"ListItem\",\"position\":2,\"name\":\"Pogosta vpra\u0161anja\"}]},{\"@type\":\"WebSite\",\"@id\":\"https:\/\/blackblox.si\/#website\",\"url\":\"https:\/\/blackblox.si\/\",\"name\":\"BLACKBLOX\",\"description\":\"BLACKBLOX\",\"publisher\":{\"@id\":\"https:\/\/blackblox.si\/#organization\"},\"potentialAction\":[{\"@type\":\"SearchAction\",\"target\":{\"@type\":\"EntryPoint\",\"urlTemplate\":\"https:\/\/blackblox.si\/?s={search_term_string}\"},\"query-input\":\"required name=search_term_string\"}],\"inLanguage\":\"en-US\"},{\"@type\":\"Organization\",\"@id\":\"https:\/\/blackblox.si\/#organization\",\"name\":\"Blackblox d. o. o.\",\"url\":\"https:\/\/blackblox.si\/\",\"logo\":{\"@type\":\"ImageObject\",\"inLanguage\":\"en-US\",\"@id\":\"https:\/\/blackblox.si\/#\/schema\/logo\/image\/\",\"url\":\"https:\/\/blackblox.si\/wp-content\/uploads\/2022\/07\/cropped-Logo-4.1.-1.png\",\"contentUrl\":\"https:\/\/blackblox.si\/wp-content\/uploads\/2022\/07\/cropped-Logo-4.1.-1.png\",\"width\":4509,\"height\":953,\"caption\":\"Blackblox d. o. o.\"},\"image\":{\"@id\":\"https:\/\/blackblox.si\/#\/schema\/logo\/image\/\"},\"sameAs\":[\"https:\/\/www.facebook.com\/blackbloxsocial\/\",\"https:\/\/www.linkedin.com\/company\/blackbloxsi\/\"]}]}<\/script>\n<!-- \/ Yoast SEO plugin. -->","yoast_head_json":{"title":"Pogosta vpra\u0161anja - BLACKBLOX","description":"Zbrali smo pogosta vpra\u0161anja, ki nam jih zastavljajo stranke in uporabniki na\u0161ih aplikacij. Za dodatna smo vam na voljo na info@blackblox.si.","robots":{"index":"index","follow":"follow","max-snippet":"max-snippet:-1","max-image-preview":"max-image-preview:large","max-video-preview":"max-video-preview:-1"},"canonical":"https:\/\/blackblox.si\/en\/pogosta-vprasanja\/","og_locale":"en_US","og_type":"article","og_title":"Pogosta vpra\u0161anja - BLACKBLOX","og_description":"Zbrali smo pogosta vpra\u0161anja, ki nam jih zastavljajo stranke in uporabniki na\u0161ih aplikacij. Za dodatna smo vam na voljo na info@blackblox.si.","og_url":"https:\/\/blackblox.si\/en\/pogosta-vprasanja\/","og_site_name":"BLACKBLOX","article_publisher":"https:\/\/www.facebook.com\/blackbloxsocial\/","article_modified_time":"2023-08-01T08:56:01+00:00","twitter_card":"summary_large_image","twitter_misc":{"Est. reading time":"2 minutes"},"schema":{"@context":"https:\/\/schema.org","@graph":[{"@type":"WebPage","@id":"https:\/\/blackblox.si\/pogosta-vprasanja\/","url":"https:\/\/blackblox.si\/pogosta-vprasanja\/","name":"Pogosta vpra\u0161anja - BLACKBLOX","isPartOf":{"@id":"https:\/\/blackblox.si\/#website"},"datePublished":"2023-07-12T11:13:18+00:00","dateModified":"2023-08-01T08:56:01+00:00","description":"Zbrali smo pogosta vpra\u0161anja, ki nam jih zastavljajo stranke in uporabniki na\u0161ih aplikacij. Za dodatna smo vam na voljo na info@blackblox.si.","breadcrumb":{"@id":"https:\/\/blackblox.si\/pogosta-vprasanja\/#breadcrumb"},"inLanguage":"en-US","potentialAction":[{"@type":"ReadAction","target":["https:\/\/blackblox.si\/pogosta-vprasanja\/"]}]},{"@type":"BreadcrumbList","@id":"https:\/\/blackblox.si\/pogosta-vprasanja\/#breadcrumb","itemListElement":[{"@type":"ListItem","position":1,"name":"Home","item":"https:\/\/blackblox.si\/"},{"@type":"ListItem","position":2,"name":"Pogosta vpra\u0161anja"}]},{"@type":"WebSite","@id":"https:\/\/blackblox.si\/#website","url":"https:\/\/blackblox.si\/","name":"BLACKBLOX","description":"BLACKBLOX","publisher":{"@id":"https:\/\/blackblox.si\/#organization"},"potentialAction":[{"@type":"SearchAction","target":{"@type":"EntryPoint","urlTemplate":"https:\/\/blackblox.si\/?s={search_term_string}"},"query-input":"required name=search_term_string"}],"inLanguage":"en-US"},{"@type":"Organization","@id":"https:\/\/blackblox.si\/#organization","name":"Blackblox d. o. o.","url":"https:\/\/blackblox.si\/","logo":{"@type":"ImageObject","inLanguage":"en-US","@id":"https:\/\/blackblox.si\/#\/schema\/logo\/image\/","url":"https:\/\/blackblox.si\/wp-content\/uploads\/2022\/07\/cropped-Logo-4.1.-1.png","contentUrl":"https:\/\/blackblox.si\/wp-content\/uploads\/2022\/07\/cropped-Logo-4.1.-1.png","width":4509,"height":953,"caption":"Blackblox d. o. o."},"image":{"@id":"https:\/\/blackblox.si\/#\/schema\/logo\/image\/"},"sameAs":["https:\/\/www.facebook.com\/blackbloxsocial\/","https:\/\/www.linkedin.com\/company\/blackbloxsi\/"]}]}},"_links":{"self":[{"href":"https:\/\/blackblox.si\/en\/wp-json\/wp\/v2\/pages\/3529","targetHints":{"allow":["GET"]}}],"collection":[{"href":"https:\/\/blackblox.si\/en\/wp-json\/wp\/v2\/pages"}],"about":[{"href":"https:\/\/blackblox.si\/en\/wp-json\/wp\/v2\/types\/page"}],"author":[{"embeddable":true,"href":"https:\/\/blackblox.si\/en\/wp-json\/wp\/v2\/users\/1"}],"replies":[{"embeddable":true,"href":"https:\/\/blackblox.si\/en\/wp-json\/wp\/v2\/comments?post=3529"}],"version-history":[{"count":25,"href":"https:\/\/blackblox.si\/en\/wp-json\/wp\/v2\/pages\/3529\/revisions"}],"predecessor-version":[{"id":3822,"href":"https:\/\/blackblox.si\/en\/wp-json\/wp\/v2\/pages\/3529\/revisions\/3822"}],"wp:attachment":[{"href":"https:\/\/blackblox.si\/en\/wp-json\/wp\/v2\/media?parent=3529"}],"curies":[{"name":"wp","href":"https:\/\/api.w.org\/{rel}","templated":true}]}}