{"id":3565,"date":"2023-07-13T11:20:41","date_gmt":"2023-07-13T11:20:41","guid":{"rendered":"https:\/\/blackblox.si\/?page_id=3565"},"modified":"2023-09-25T10:34:14","modified_gmt":"2023-09-25T10:34:14","slug":"nase-aplikacije","status":"publish","type":"page","link":"https:\/\/blackblox.si\/en\/nase-aplikacije\/","title":{"rendered":"Na\u0161e aplikacije"},"content":{"rendered":"<div data-elementor-type=\"wp-page\" data-elementor-id=\"3565\" class=\"elementor elementor-3565\">\n\t\t\t\t\t\t<section class=\"elementor-section elementor-top-section elementor-element elementor-element-007e96f elementor-section-boxed elementor-section-height-default elementor-section-height-default\" data-id=\"007e96f\" data-element_type=\"section\" data-e-type=\"section\">\n\t\t\t\t\t\t<div class=\"elementor-container elementor-column-gap-default\">\n\t\t\t\t\t<div class=\"elementor-column elementor-col-100 elementor-top-column elementor-element elementor-element-e551a0f\" data-id=\"e551a0f\" data-element_type=\"column\" data-e-type=\"column\">\n\t\t\t<div class=\"elementor-widget-wrap elementor-element-populated\">\n\t\t\t\t\t\t<div class=\"elementor-element elementor-element-73e2892 elementor-widget-mobile__width-initial elementor-widget elementor-widget-text-editor\" data-id=\"73e2892\" data-element_type=\"widget\" data-e-type=\"widget\" data-widget_type=\"text-editor.default\">\n\t\t\t\t<div class=\"elementor-widget-container\">\n\t\t\t\t\t\t\t\t\t<h1 style=\"font-size: 50px;\"><strong style=\"font-weight: bold;\">Our<\/strong>\u00a0applications<\/h1>\t\t\t\t\t\t\t\t<\/div>\n\t\t\t\t<\/div>\n\t\t\t\t\t<\/div>\n\t\t<\/div>\n\t\t\t\t\t<\/div>\n\t\t<\/section>\n\t\t\t\t<section class=\"elementor-section elementor-top-section elementor-element elementor-element-9d156ee elementor-section-content-middle elementor-section-boxed elementor-section-height-default elementor-section-height-default\" data-id=\"9d156ee\" data-element_type=\"section\" data-e-type=\"section\">\n\t\t\t\t\t\t<div class=\"elementor-container elementor-column-gap-default\">\n\t\t\t\t\t<div class=\"elementor-column elementor-col-100 elementor-top-column elementor-element elementor-element-5edeb40\" data-id=\"5edeb40\" data-element_type=\"column\" data-e-type=\"column\">\n\t\t\t<div class=\"elementor-widget-wrap elementor-element-populated\">\n\t\t\t\t\t\t<div class=\"elementor-element elementor-element-e8f6965 elementor-widget-mobile__width-initial elementor-widget elementor-widget-text-editor\" data-id=\"e8f6965\" data-element_type=\"widget\" data-e-type=\"widget\" data-widget_type=\"text-editor.default\">\n\t\t\t\t<div class=\"elementor-widget-container\">\n\t\t\t\t\t\t\t\t\t<p>At Blackblox Ltd., we develop mobile applications for Android and Iphone in addition to our own hardware and software. They can be found on Google Play, Apple AppStore and Huawei AppGallery.<\/p>\t\t\t\t\t\t\t\t<\/div>\n\t\t\t\t<\/div>\n\t\t\t\t\t<\/div>\n\t\t<\/div>\n\t\t\t\t\t<\/div>\n\t\t<\/section>\n\t\t\t\t<section class=\"elementor-section elementor-top-section elementor-element elementor-element-bb10e8b elementor-section-boxed elementor-section-height-default elementor-section-height-default\" data-id=\"bb10e8b\" data-element_type=\"section\" data-e-type=\"section\">\n\t\t\t\t\t\t<div class=\"elementor-container elementor-column-gap-default\">\n\t\t\t\t\t<div class=\"elementor-column elementor-col-100 elementor-top-column elementor-element elementor-element-946add8\" data-id=\"946add8\" data-element_type=\"column\" data-e-type=\"column\">\n\t\t\t<div class=\"elementor-widget-wrap elementor-element-populated\">\n\t\t\t\t\t\t<div class=\"elementor-element elementor-element-4f4b657 elementor-widget elementor-widget-text-editor\" data-id=\"4f4b657\" data-element_type=\"widget\" data-e-type=\"widget\" data-widget_type=\"text-editor.default\">\n\t\t\t\t<div class=\"elementor-widget-container\">\n\t\t\t\t\t\t\t\t\t<p>&gt;&gt; Na\u0161e aplikacije<\/p>\t\t\t\t\t\t\t\t<\/div>\n\t\t\t\t<\/div>\n\t\t\t\t\t<\/div>\n\t\t<\/div>\n\t\t\t\t\t<\/div>\n\t\t<\/section>\n\t\t\t\t<section class=\"elementor-section elementor-top-section elementor-element elementor-element-ea2d1ac elementor-section-boxed elementor-section-height-default elementor-section-height-default\" data-id=\"ea2d1ac\" data-element_type=\"section\" data-e-type=\"section\">\n\t\t\t\t\t\t<div class=\"elementor-container elementor-column-gap-default\">\n\t\t\t\t\t<div class=\"elementor-column elementor-col-50 elementor-top-column elementor-element elementor-element-8c4a889\" data-id=\"8c4a889\" data-element_type=\"column\" data-e-type=\"column\">\n\t\t\t<div class=\"elementor-widget-wrap elementor-element-populated\">\n\t\t\t\t\t\t<div class=\"elementor-element elementor-element-2afd0aa elementor-widget__width-initial elementor-widget elementor-widget-image\" data-id=\"2afd0aa\" data-element_type=\"widget\" data-e-type=\"widget\" data-widget_type=\"image.default\">\n\t\t\t\t<div class=\"elementor-widget-container\">\n\t\t\t\t\t\t\t\t\t\t\t\t\t\t\t\t<a href=\"https:\/\/blackblox.si\/en\/blackblox-sledenje\/\">\n\t\t\t\t\t\t\t<img fetchpriority=\"high\" decoding=\"async\" width=\"240\" height=\"240\" src=\"https:\/\/blackblox.si\/wp-content\/uploads\/2023\/07\/dsfsf.webp\" class=\"attachment-full size-full wp-image-3572\" alt=\"\" srcset=\"https:\/\/blackblox.si\/wp-content\/uploads\/2023\/07\/dsfsf.webp 240w, https:\/\/blackblox.si\/wp-content\/uploads\/2023\/07\/elementor\/thumbs\/dsfsf-q9cnjqspdku4q6gi5b8q0d9fbc4r9y7pnkyhwrrt5o.webp 150w, https:\/\/blackblox.si\/wp-content\/uploads\/2023\/07\/dsfsf-12x12.webp 12w, https:\/\/blackblox.si\/wp-content\/uploads\/2023\/07\/elementor\/thumbs\/dsfsf-q9cnjqspqqh27kwmgzi2n6wxmje8vh6ff4c1r6wz60.webp 180w, https:\/\/blackblox.si\/wp-content\/uploads\/2023\/07\/elementor\/thumbs\/dsfsf-q9cnjqspzi8cj6jdcrob2eolu08klttklh92zh0f68.webp 200w, https:\/\/blackblox.si\/wp-content\/uploads\/2023\/07\/elementor\/thumbs\/dsfsf-150x150.webp 250w, https:\/\/blackblox.si\/wp-content\/uploads\/2023\/07\/elementor\/thumbs\/dsfsf-150x150.webp 300w\" sizes=\"(max-width: 240px) 100vw, 240px\" \/>\t\t\t\t\t\t\t\t<\/a>\n\t\t\t\t\t\t\t\t\t\t\t\t\t\t\t<\/div>\n\t\t\t\t<\/div>\n\t\t\t\t\t<\/div>\n\t\t<\/div>\n\t\t\t\t<div class=\"elementor-column elementor-col-50 elementor-top-column elementor-element elementor-element-7367eff\" data-id=\"7367eff\" data-element_type=\"column\" data-e-type=\"column\">\n\t\t\t<div class=\"elementor-widget-wrap elementor-element-populated\">\n\t\t\t\t\t\t<div class=\"elementor-element elementor-element-5933251 elementor-widget__width-initial elementor-widget elementor-widget-heading\" data-id=\"5933251\" data-element_type=\"widget\" data-e-type=\"widget\" data-widget_type=\"heading.default\">\n\t\t\t\t<div class=\"elementor-widget-container\">\n\t\t\t\t\t<h2 class=\"elementor-heading-title elementor-size-default\"><a href=\"https:\/\/blackblox.si\/en\/blackblox-sledenje\/\">BLACKBLOX.sledenje<\/a><\/h2>\t\t\t\t<\/div>\n\t\t\t\t<\/div>\n\t\t\t\t\t<\/div>\n\t\t<\/div>\n\t\t\t\t\t<\/div>\n\t\t<\/section>\n\t\t\t\t<section class=\"elementor-section elementor-top-section elementor-element elementor-element-b5a745a elementor-section-boxed elementor-section-height-default elementor-section-height-default\" data-id=\"b5a745a\" data-element_type=\"section\" data-e-type=\"section\">\n\t\t\t\t\t\t<div class=\"elementor-container elementor-column-gap-default\">\n\t\t\t\t\t<div class=\"elementor-column elementor-col-50 elementor-top-column elementor-element elementor-element-f15d195\" data-id=\"f15d195\" data-element_type=\"column\" data-e-type=\"column\">\n\t\t\t<div class=\"elementor-widget-wrap elementor-element-populated\">\n\t\t\t\t\t\t<div class=\"elementor-element elementor-element-fa691b9 elementor-widget__width-auto elementor-widget elementor-widget-image\" data-id=\"fa691b9\" data-element_type=\"widget\" data-e-type=\"widget\" data-widget_type=\"image.default\">\n\t\t\t\t<div class=\"elementor-widget-container\">\n\t\t\t\t\t\t\t\t\t\t\t\t\t\t\t\t<a href=\"https:\/\/blackblox.si\/en\/blackblox-time\/\">\n\t\t\t\t\t\t\t<img decoding=\"async\" width=\"360\" height=\"360\" src=\"https:\/\/blackblox.si\/wp-content\/uploads\/2021\/08\/unnamed-4.webp\" class=\"attachment-full size-full wp-image-495\" alt=\"Ikona za Registracijo delovnega \u010dasa \/ Registracija delovnega \u010dasa\" srcset=\"https:\/\/blackblox.si\/wp-content\/uploads\/2021\/08\/unnamed-4.webp 360w, https:\/\/blackblox.si\/wp-content\/uploads\/2021\/08\/elementor\/thumbs\/unnamed-4-pbi6f1tirisrze8e1bwbe14mobbru38pf17rcpcmsc.webp 150w, https:\/\/blackblox.si\/wp-content\/uploads\/2021\/08\/elementor\/thumbs\/unnamed-4-pbi6f1tivwof571rh7zfln0gs1qxp9ka07o9yuecsg.webp 160w, https:\/\/blackblox.si\/wp-content\/uploads\/2021\/08\/elementor\/thumbs\/unnamed-4-pbi6f1tj4ofpgsoid05o0us4zil9fm7f6klb74hsso.webp 180w, https:\/\/blackblox.si\/wp-content\/uploads\/2021\/08\/elementor\/thumbs\/unnamed-4-pbi6f1tj0ak2azv4x42jt8wavs63kfvule4skzg2sk.webp 170w\" sizes=\"(max-width: 360px) 100vw, 360px\" \/>\t\t\t\t\t\t\t\t<\/a>\n\t\t\t\t\t\t\t\t\t\t\t\t\t\t\t<\/div>\n\t\t\t\t<\/div>\n\t\t\t\t\t<\/div>\n\t\t<\/div>\n\t\t\t\t<div class=\"elementor-column elementor-col-50 elementor-top-column elementor-element elementor-element-8228807\" data-id=\"8228807\" data-element_type=\"column\" data-e-type=\"column\">\n\t\t\t<div class=\"elementor-widget-wrap elementor-element-populated\">\n\t\t\t\t\t\t<div class=\"elementor-element elementor-element-db3b7e2 elementor-widget elementor-widget-heading\" data-id=\"db3b7e2\" data-element_type=\"widget\" data-e-type=\"widget\" data-widget_type=\"heading.default\">\n\t\t\t\t<div class=\"elementor-widget-container\">\n\t\t\t\t\t<h2 class=\"elementor-heading-title elementor-size-default\"><a href=\"https:\/\/blackblox.si\/en\/blackblox-time\/\">BLACKBLOX.time<\/a><\/h2>\t\t\t\t<\/div>\n\t\t\t\t<\/div>\n\t\t\t\t\t<\/div>\n\t\t<\/div>\n\t\t\t\t\t<\/div>\n\t\t<\/section>\n\t\t\t\t<section class=\"elementor-section elementor-top-section elementor-element elementor-element-a889910 elementor-section-boxed elementor-section-height-default elementor-section-height-default\" data-id=\"a889910\" data-element_type=\"section\" data-e-type=\"section\">\n\t\t\t\t\t\t<div class=\"elementor-container elementor-column-gap-default\">\n\t\t\t\t\t<div class=\"elementor-column elementor-col-50 elementor-top-column elementor-element elementor-element-9380380\" data-id=\"9380380\" data-element_type=\"column\" data-e-type=\"column\">\n\t\t\t<div class=\"elementor-widget-wrap elementor-element-populated\">\n\t\t\t\t\t\t<div class=\"elementor-element elementor-element-63e2074 elementor-widget__width-auto elementor-widget elementor-widget-image\" data-id=\"63e2074\" data-element_type=\"widget\" data-e-type=\"widget\" data-widget_type=\"image.default\">\n\t\t\t\t<div class=\"elementor-widget-container\">\n\t\t\t\t\t\t\t\t\t\t\t\t\t\t\t\t<a href=\"https:\/\/blackblox.si\/en\/blackblox-medic\/\">\n\t\t\t\t\t\t\t<img decoding=\"async\" width=\"513\" height=\"512\" src=\"https:\/\/blackblox.si\/wp-content\/uploads\/2023\/07\/paramedic_logo.png\" class=\"attachment-full size-full wp-image-3571\" alt=\"\" srcset=\"https:\/\/blackblox.si\/wp-content\/uploads\/2023\/07\/paramedic_logo.png 513w, https:\/\/blackblox.si\/wp-content\/uploads\/2023\/07\/paramedic_logo-300x300.png 300w, https:\/\/blackblox.si\/wp-content\/uploads\/2023\/07\/elementor\/thumbs\/paramedic_logo-q9cnjpuv6qsuekhvasu3fvhypy9e293zbgb0fht7bw.png 150w, https:\/\/blackblox.si\/wp-content\/uploads\/2023\/07\/paramedic_logo-12x12.png 12w, https:\/\/blackblox.si\/wp-content\/uploads\/2023\/07\/elementor\/thumbs\/paramedic_logo-q9cnjpuvb4ohkdb8qox7nhdstoojxffjwmrj1muxc0.png 160w, https:\/\/blackblox.si\/wp-content\/uploads\/2023\/07\/elementor\/thumbs\/paramedic_logo-q9cnjpuvfik4q64m6l0bv39mxf3pslr4ht81nrwnc4.png 170w, https:\/\/blackblox.si\/wp-content\/uploads\/2023\/07\/elementor\/thumbs\/paramedic_logo-q9cnjpuvjwfrvyxzmh3g2p5h15ivns2p2zok9wydc8.png 180w\" sizes=\"(max-width: 513px) 100vw, 513px\" \/>\t\t\t\t\t\t\t\t<\/a>\n\t\t\t\t\t\t\t\t\t\t\t\t\t\t\t<\/div>\n\t\t\t\t<\/div>\n\t\t\t\t\t<\/div>\n\t\t<\/div>\n\t\t\t\t<div class=\"elementor-column elementor-col-50 elementor-top-column elementor-element elementor-element-47f8ae9\" data-id=\"47f8ae9\" data-element_type=\"column\" data-e-type=\"column\">\n\t\t\t<div class=\"elementor-widget-wrap elementor-element-populated\">\n\t\t\t\t\t\t<div class=\"elementor-element elementor-element-3f4933c elementor-widget elementor-widget-heading\" data-id=\"3f4933c\" data-element_type=\"widget\" data-e-type=\"widget\" data-widget_type=\"heading.default\">\n\t\t\t\t<div class=\"elementor-widget-container\">\n\t\t\t\t\t<h2 class=\"elementor-heading-title elementor-size-default\"><a href=\"https:\/\/blackblox.si\/en\/blackblox-medic\/\">BLACKBLOX.medic<\/a><\/h2>\t\t\t\t<\/div>\n\t\t\t\t<\/div>\n\t\t\t\t\t<\/div>\n\t\t<\/div>\n\t\t\t\t\t<\/div>\n\t\t<\/section>\n\t\t\t\t<section class=\"elementor-section elementor-top-section elementor-element elementor-element-c4bb834 elementor-section-boxed elementor-section-height-default elementor-section-height-default\" data-id=\"c4bb834\" data-element_type=\"section\" data-e-type=\"section\">\n\t\t\t\t\t\t<div class=\"elementor-container elementor-column-gap-default\">\n\t\t\t\t\t<div class=\"elementor-column elementor-col-50 elementor-top-column elementor-element elementor-element-6132102\" data-id=\"6132102\" data-element_type=\"column\" data-e-type=\"column\">\n\t\t\t<div class=\"elementor-widget-wrap elementor-element-populated\">\n\t\t\t\t\t\t<div class=\"elementor-element elementor-element-abb853f elementor-widget__width-auto elementor-widget elementor-widget-image\" data-id=\"abb853f\" data-element_type=\"widget\" data-e-type=\"widget\" data-widget_type=\"image.default\">\n\t\t\t\t<div class=\"elementor-widget-container\">\n\t\t\t\t\t\t\t\t\t\t\t\t\t\t\t\t<a href=\"https:\/\/blackblox.si\/en\/blackblox-paramedic\/\">\n\t\t\t\t\t\t\t<img loading=\"lazy\" decoding=\"async\" width=\"240\" height=\"240\" src=\"https:\/\/blackblox.si\/wp-content\/uploads\/2023\/07\/unnamed.webp\" class=\"attachment-full size-full wp-image-3573\" alt=\"\" srcset=\"https:\/\/blackblox.si\/wp-content\/uploads\/2023\/07\/unnamed.webp 240w, https:\/\/blackblox.si\/wp-content\/uploads\/2023\/07\/elementor\/thumbs\/unnamed-q9cnjqspdku4q6gi5b8q0d9fbc4r9y7pnkyhwrrt5o.webp 150w, https:\/\/blackblox.si\/wp-content\/uploads\/2023\/07\/unnamed-12x12.webp 12w, https:\/\/blackblox.si\/wp-content\/uploads\/2023\/07\/elementor\/thumbs\/unnamed-q9cnjqso8sk8xfo4qq1c1m4y5etcbm83dtahl9mlbu.webp 57w, https:\/\/blackblox.si\/wp-content\/uploads\/2023\/07\/elementor\/thumbs\/unnamed-150x150.webp 1250w, https:\/\/blackblox.si\/wp-content\/uploads\/2023\/07\/elementor\/thumbs\/unnamed-q9cnjqspqqh27kwmgzi2n6wxmje8vh6ff4c1r6wz60.webp 180w, https:\/\/blackblox.si\/wp-content\/uploads\/2023\/07\/elementor\/thumbs\/unnamed-q9cnjqspmclf1s3913eyfl13isz30auutxvj51v95w.webp 170w, https:\/\/blackblox.si\/wp-content\/uploads\/2023\/07\/elementor\/thumbs\/unnamed-q9cnjqsphyprvz9vl7bu7z59f2jx54ja8rf0iwtj5s.webp 160w, https:\/\/blackblox.si\/wp-content\/uploads\/2023\/07\/elementor\/thumbs\/unnamed-q9cnjqspk5nlgvokb5debs36gxri2pp2jcn9tzce5u.webp 165w\" sizes=\"(max-width: 240px) 100vw, 240px\" \/>\t\t\t\t\t\t\t\t<\/a>\n\t\t\t\t\t\t\t\t\t\t\t\t\t\t\t<\/div>\n\t\t\t\t<\/div>\n\t\t\t\t\t<\/div>\n\t\t<\/div>\n\t\t\t\t<div class=\"elementor-column elementor-col-50 elementor-top-column elementor-element elementor-element-72330d4\" data-id=\"72330d4\" data-element_type=\"column\" data-e-type=\"column\">\n\t\t\t<div class=\"elementor-widget-wrap elementor-element-populated\">\n\t\t\t\t\t\t<div class=\"elementor-element elementor-element-7c4a077 elementor-widget elementor-widget-heading\" data-id=\"7c4a077\" data-element_type=\"widget\" data-e-type=\"widget\" data-widget_type=\"heading.default\">\n\t\t\t\t<div class=\"elementor-widget-container\">\n\t\t\t\t\t<h2 class=\"elementor-heading-title elementor-size-default\"><a href=\"https:\/\/blackblox.si\/en\/blackblox-paramedic\/\">BLACKBLOX.paramedic<\/a><\/h2>\t\t\t\t<\/div>\n\t\t\t\t<\/div>\n\t\t\t\t\t<\/div>\n\t\t<\/div>\n\t\t\t\t\t<\/div>\n\t\t<\/section>\n\t\t\t\t<\/div>","protected":false},"excerpt":{"rendered":"<p>Na\u0161e\u00a0aplikacije V podjetju Blackblox d. o. o. zraven lastne strojne in programske opreme razvijamo tudi mobilne aplikacije za Android in Iphone. Lahko jih najdete v trgovinah Google Play, Apple AppStore in Huawei AppGallery. &gt;&gt; Na\u0161e aplikacije BLACKBLOX.sledenje BLACKBLOX.time BLACKBLOX.medic BLACKBLOX.paramedic<\/p>","protected":false},"author":1,"featured_media":0,"parent":0,"menu_order":0,"comment_status":"closed","ping_status":"closed","template":"","meta":{"ocean_post_layout":"","ocean_both_sidebars_style":"","ocean_both_sidebars_content_width":0,"ocean_both_sidebars_sidebars_width":0,"ocean_sidebar":"0","ocean_second_sidebar":"0","ocean_disable_margins":"enable","ocean_add_body_class":"","ocean_shortcode_before_top_bar":"","ocean_shortcode_after_top_bar":"","ocean_shortcode_before_header":"","ocean_shortcode_after_header":"","ocean_has_shortcode":"","ocean_shortcode_after_title":"","ocean_shortcode_before_footer_widgets":"","ocean_shortcode_after_footer_widgets":"","ocean_shortcode_before_footer_bottom":"","ocean_shortcode_after_footer_bottom":"","ocean_display_top_bar":"default","ocean_display_header":"default","ocean_header_style":"","ocean_center_header_left_menu":"0","ocean_custom_header_template":"0","ocean_custom_logo":0,"ocean_custom_retina_logo":0,"ocean_custom_logo_max_width":0,"ocean_custom_logo_tablet_max_width":0,"ocean_custom_logo_mobile_max_width":0,"ocean_custom_logo_max_height":0,"ocean_custom_logo_tablet_max_height":0,"ocean_custom_logo_mobile_max_height":0,"ocean_header_custom_menu":"0","ocean_menu_typo_font_family":"0","ocean_menu_typo_font_subset":"","ocean_menu_typo_font_size":0,"ocean_menu_typo_font_size_tablet":0,"ocean_menu_typo_font_size_mobile":0,"ocean_menu_typo_font_size_unit":"px","ocean_menu_typo_font_weight":"","ocean_menu_typo_font_weight_tablet":"","ocean_menu_typo_font_weight_mobile":"","ocean_menu_typo_transform":"","ocean_menu_typo_transform_tablet":"","ocean_menu_typo_transform_mobile":"","ocean_menu_typo_line_height":0,"ocean_menu_typo_line_height_tablet":0,"ocean_menu_typo_line_height_mobile":0,"ocean_menu_typo_line_height_unit":"","ocean_menu_typo_spacing":0,"ocean_menu_typo_spacing_tablet":0,"ocean_menu_typo_spacing_mobile":0,"ocean_menu_typo_spacing_unit":"","ocean_menu_link_color":"","ocean_menu_link_color_hover":"","ocean_menu_link_color_active":"","ocean_menu_link_background":"","ocean_menu_link_hover_background":"","ocean_menu_link_active_background":"","ocean_menu_social_links_bg":"","ocean_menu_social_hover_links_bg":"","ocean_menu_social_links_color":"","ocean_menu_social_hover_links_color":"","ocean_disable_title":"on","ocean_disable_heading":"default","ocean_post_title":"","ocean_post_subheading":"","ocean_post_title_style":"","ocean_post_title_background_color":"","ocean_post_title_background":0,"ocean_post_title_bg_image_position":"","ocean_post_title_bg_image_attachment":"","ocean_post_title_bg_image_repeat":"","ocean_post_title_bg_image_size":"","ocean_post_title_height":0,"ocean_post_title_bg_overlay":0.5,"ocean_post_title_bg_overlay_color":"","ocean_disable_breadcrumbs":"default","ocean_breadcrumbs_color":"","ocean_breadcrumbs_separator_color":"","ocean_breadcrumbs_links_color":"","ocean_breadcrumbs_links_hover_color":"","ocean_display_footer_widgets":"default","ocean_display_footer_bottom":"default","ocean_custom_footer_template":"0","footnotes":""},"class_list":["post-3565","page","type-page","status-publish","hentry","entry"],"yoast_head":"<!-- This site is optimized with the Yoast SEO plugin v20.10 - https:\/\/yoast.com\/wordpress\/plugins\/seo\/ -->\n<title>Na\u0161e aplikacije - BLACKBLOX<\/title>\n<meta name=\"description\" content=\"Na\u0161e aplikacije Blackblox Medic, Blackblox Paramedic, Blackblox Sledenje in Blackblox Time so narejene po \u017eeljah in potrebah uporabnikov.\" \/>\n<meta name=\"robots\" content=\"index, follow, max-snippet:-1, max-image-preview:large, max-video-preview:-1\" \/>\n<link rel=\"canonical\" href=\"https:\/\/blackblox.si\/en\/nase-aplikacije\/\" \/>\n<meta property=\"og:locale\" content=\"en_US\" \/>\n<meta property=\"og:type\" content=\"article\" \/>\n<meta property=\"og:title\" content=\"Na\u0161e aplikacije - BLACKBLOX\" \/>\n<meta property=\"og:description\" content=\"Na\u0161e aplikacije Blackblox Medic, Blackblox Paramedic, Blackblox Sledenje in Blackblox Time so narejene po \u017eeljah in potrebah uporabnikov.\" \/>\n<meta property=\"og:url\" content=\"https:\/\/blackblox.si\/en\/nase-aplikacije\/\" \/>\n<meta property=\"og:site_name\" content=\"BLACKBLOX\" \/>\n<meta property=\"article:publisher\" content=\"https:\/\/www.facebook.com\/blackbloxsocial\/\" \/>\n<meta property=\"article:modified_time\" content=\"2023-09-25T10:34:14+00:00\" \/>\n<meta property=\"og:image\" content=\"https:\/\/blackblox.si\/wp-content\/uploads\/2023\/07\/dsfsf.webp\" \/>\n<meta name=\"twitter:card\" content=\"summary_large_image\" \/>\n<meta name=\"twitter:label1\" content=\"Est. reading time\" \/>\n\t<meta name=\"twitter:data1\" content=\"1 minute\" \/>\n<script type=\"application\/ld+json\" class=\"yoast-schema-graph\">{\"@context\":\"https:\/\/schema.org\",\"@graph\":[{\"@type\":\"WebPage\",\"@id\":\"https:\/\/blackblox.si\/nase-aplikacije\/\",\"url\":\"https:\/\/blackblox.si\/nase-aplikacije\/\",\"name\":\"Na\u0161e aplikacije - BLACKBLOX\",\"isPartOf\":{\"@id\":\"https:\/\/blackblox.si\/#website\"},\"datePublished\":\"2023-07-13T11:20:41+00:00\",\"dateModified\":\"2023-09-25T10:34:14+00:00\",\"description\":\"Na\u0161e aplikacije Blackblox Medic, Blackblox Paramedic, Blackblox Sledenje in Blackblox Time so narejene po \u017eeljah in potrebah uporabnikov.\",\"breadcrumb\":{\"@id\":\"https:\/\/blackblox.si\/nase-aplikacije\/#breadcrumb\"},\"inLanguage\":\"en-US\",\"potentialAction\":[{\"@type\":\"ReadAction\",\"target\":[\"https:\/\/blackblox.si\/nase-aplikacije\/\"]}]},{\"@type\":\"BreadcrumbList\",\"@id\":\"https:\/\/blackblox.si\/nase-aplikacije\/#breadcrumb\",\"itemListElement\":[{\"@type\":\"ListItem\",\"position\":1,\"name\":\"Home\",\"item\":\"https:\/\/blackblox.si\/\"},{\"@type\":\"ListItem\",\"position\":2,\"name\":\"Na\u0161e aplikacije\"}]},{\"@type\":\"WebSite\",\"@id\":\"https:\/\/blackblox.si\/#website\",\"url\":\"https:\/\/blackblox.si\/\",\"name\":\"BLACKBLOX\",\"description\":\"BLACKBLOX\",\"publisher\":{\"@id\":\"https:\/\/blackblox.si\/#organization\"},\"potentialAction\":[{\"@type\":\"SearchAction\",\"target\":{\"@type\":\"EntryPoint\",\"urlTemplate\":\"https:\/\/blackblox.si\/?s={search_term_string}\"},\"query-input\":\"required name=search_term_string\"}],\"inLanguage\":\"en-US\"},{\"@type\":\"Organization\",\"@id\":\"https:\/\/blackblox.si\/#organization\",\"name\":\"Blackblox d. o. o.\",\"url\":\"https:\/\/blackblox.si\/\",\"logo\":{\"@type\":\"ImageObject\",\"inLanguage\":\"en-US\",\"@id\":\"https:\/\/blackblox.si\/#\/schema\/logo\/image\/\",\"url\":\"https:\/\/blackblox.si\/wp-content\/uploads\/2022\/07\/cropped-Logo-4.1.-1.png\",\"contentUrl\":\"https:\/\/blackblox.si\/wp-content\/uploads\/2022\/07\/cropped-Logo-4.1.-1.png\",\"width\":4509,\"height\":953,\"caption\":\"Blackblox d. o. o.\"},\"image\":{\"@id\":\"https:\/\/blackblox.si\/#\/schema\/logo\/image\/\"},\"sameAs\":[\"https:\/\/www.facebook.com\/blackbloxsocial\/\",\"https:\/\/www.linkedin.com\/company\/blackbloxsi\/\"]}]}<\/script>\n<!-- \/ Yoast SEO plugin. -->","yoast_head_json":{"title":"Na\u0161e aplikacije - BLACKBLOX","description":"Na\u0161e aplikacije Blackblox Medic, Blackblox Paramedic, Blackblox Sledenje in Blackblox Time so narejene po \u017eeljah in potrebah uporabnikov.","robots":{"index":"index","follow":"follow","max-snippet":"max-snippet:-1","max-image-preview":"max-image-preview:large","max-video-preview":"max-video-preview:-1"},"canonical":"https:\/\/blackblox.si\/en\/nase-aplikacije\/","og_locale":"en_US","og_type":"article","og_title":"Na\u0161e aplikacije - BLACKBLOX","og_description":"Na\u0161e aplikacije Blackblox Medic, Blackblox Paramedic, Blackblox Sledenje in Blackblox Time so narejene po \u017eeljah in potrebah uporabnikov.","og_url":"https:\/\/blackblox.si\/en\/nase-aplikacije\/","og_site_name":"BLACKBLOX","article_publisher":"https:\/\/www.facebook.com\/blackbloxsocial\/","article_modified_time":"2023-09-25T10:34:14+00:00","og_image":[{"url":"https:\/\/blackblox.si\/wp-content\/uploads\/2023\/07\/dsfsf.webp"}],"twitter_card":"summary_large_image","twitter_misc":{"Est. reading time":"1 minute"},"schema":{"@context":"https:\/\/schema.org","@graph":[{"@type":"WebPage","@id":"https:\/\/blackblox.si\/nase-aplikacije\/","url":"https:\/\/blackblox.si\/nase-aplikacije\/","name":"Na\u0161e aplikacije - BLACKBLOX","isPartOf":{"@id":"https:\/\/blackblox.si\/#website"},"datePublished":"2023-07-13T11:20:41+00:00","dateModified":"2023-09-25T10:34:14+00:00","description":"Na\u0161e aplikacije Blackblox Medic, Blackblox Paramedic, Blackblox Sledenje in Blackblox Time so narejene po \u017eeljah in potrebah uporabnikov.","breadcrumb":{"@id":"https:\/\/blackblox.si\/nase-aplikacije\/#breadcrumb"},"inLanguage":"en-US","potentialAction":[{"@type":"ReadAction","target":["https:\/\/blackblox.si\/nase-aplikacije\/"]}]},{"@type":"BreadcrumbList","@id":"https:\/\/blackblox.si\/nase-aplikacije\/#breadcrumb","itemListElement":[{"@type":"ListItem","position":1,"name":"Home","item":"https:\/\/blackblox.si\/"},{"@type":"ListItem","position":2,"name":"Na\u0161e aplikacije"}]},{"@type":"WebSite","@id":"https:\/\/blackblox.si\/#website","url":"https:\/\/blackblox.si\/","name":"BLACKBLOX","description":"BLACKBLOX","publisher":{"@id":"https:\/\/blackblox.si\/#organization"},"potentialAction":[{"@type":"SearchAction","target":{"@type":"EntryPoint","urlTemplate":"https:\/\/blackblox.si\/?s={search_term_string}"},"query-input":"required name=search_term_string"}],"inLanguage":"en-US"},{"@type":"Organization","@id":"https:\/\/blackblox.si\/#organization","name":"Blackblox d. o. o.","url":"https:\/\/blackblox.si\/","logo":{"@type":"ImageObject","inLanguage":"en-US","@id":"https:\/\/blackblox.si\/#\/schema\/logo\/image\/","url":"https:\/\/blackblox.si\/wp-content\/uploads\/2022\/07\/cropped-Logo-4.1.-1.png","contentUrl":"https:\/\/blackblox.si\/wp-content\/uploads\/2022\/07\/cropped-Logo-4.1.-1.png","width":4509,"height":953,"caption":"Blackblox d. o. o."},"image":{"@id":"https:\/\/blackblox.si\/#\/schema\/logo\/image\/"},"sameAs":["https:\/\/www.facebook.com\/blackbloxsocial\/","https:\/\/www.linkedin.com\/company\/blackbloxsi\/"]}]}},"_links":{"self":[{"href":"https:\/\/blackblox.si\/en\/wp-json\/wp\/v2\/pages\/3565","targetHints":{"allow":["GET"]}}],"collection":[{"href":"https:\/\/blackblox.si\/en\/wp-json\/wp\/v2\/pages"}],"about":[{"href":"https:\/\/blackblox.si\/en\/wp-json\/wp\/v2\/types\/page"}],"author":[{"embeddable":true,"href":"https:\/\/blackblox.si\/en\/wp-json\/wp\/v2\/users\/1"}],"replies":[{"embeddable":true,"href":"https:\/\/blackblox.si\/en\/wp-json\/wp\/v2\/comments?post=3565"}],"version-history":[{"count":39,"href":"https:\/\/blackblox.si\/en\/wp-json\/wp\/v2\/pages\/3565\/revisions"}],"predecessor-version":[{"id":4040,"href":"https:\/\/blackblox.si\/en\/wp-json\/wp\/v2\/pages\/3565\/revisions\/4040"}],"wp:attachment":[{"href":"https:\/\/blackblox.si\/en\/wp-json\/wp\/v2\/media?parent=3565"}],"curies":[{"name":"wp","href":"https:\/\/api.w.org\/{rel}","templated":true}]}}