{"id":3587,"date":"2023-07-14T09:23:15","date_gmt":"2023-07-14T09:23:15","guid":{"rendered":"https:\/\/blackblox.si\/?page_id=3587"},"modified":"2023-09-25T09:40:43","modified_gmt":"2023-09-25T09:40:43","slug":"blackblox-time","status":"publish","type":"page","link":"https:\/\/blackblox.si\/en\/blackblox-time\/","title":{"rendered":"BLACKBLOX time"},"content":{"rendered":"<div data-elementor-type=\"wp-page\" data-elementor-id=\"3587\" class=\"elementor elementor-3587\">\n\t\t\t\t\t\t<section class=\"elementor-section elementor-top-section elementor-element elementor-element-89a10fa elementor-section-boxed elementor-section-height-default elementor-section-height-default\" data-id=\"89a10fa\" data-element_type=\"section\" data-e-type=\"section\">\n\t\t\t\t\t\t<div class=\"elementor-container elementor-column-gap-default\">\n\t\t\t\t\t<div class=\"elementor-column elementor-col-100 elementor-top-column elementor-element elementor-element-b5f8789\" data-id=\"b5f8789\" data-element_type=\"column\" data-e-type=\"column\">\n\t\t\t<div class=\"elementor-widget-wrap elementor-element-populated\">\n\t\t\t\t\t\t<div class=\"elementor-element elementor-element-07e8485 elementor-widget elementor-widget-heading\" data-id=\"07e8485\" data-element_type=\"widget\" data-e-type=\"widget\" data-widget_type=\"heading.default\">\n\t\t\t\t<div class=\"elementor-widget-container\">\n\t\t\t\t\t<h1 class=\"elementor-heading-title elementor-size-default\">BLACKBLOX.time: U\u010dinkovito upravljanje delovnega \u010dasa<\/h1>\t\t\t\t<\/div>\n\t\t\t\t<\/div>\n\t\t\t\t\t<\/div>\n\t\t<\/div>\n\t\t\t\t\t<\/div>\n\t\t<\/section>\n\t\t\t\t<section class=\"elementor-section elementor-top-section elementor-element elementor-element-9613623 elementor-section-boxed elementor-section-height-default elementor-section-height-default\" data-id=\"9613623\" data-element_type=\"section\" data-e-type=\"section\">\n\t\t\t\t\t\t<div class=\"elementor-container elementor-column-gap-default\">\n\t\t\t\t\t<div class=\"elementor-column elementor-col-100 elementor-top-column elementor-element elementor-element-7edca47\" data-id=\"7edca47\" data-element_type=\"column\" data-e-type=\"column\">\n\t\t\t<div class=\"elementor-widget-wrap elementor-element-populated\">\n\t\t\t\t\t\t<div class=\"elementor-element elementor-element-72aee49 elementor-widget elementor-widget-heading\" data-id=\"72aee49\" data-element_type=\"widget\" data-e-type=\"widget\" data-widget_type=\"heading.default\">\n\t\t\t\t<div class=\"elementor-widget-container\">\n\t\t\t\t\t<h2 class=\"elementor-heading-title elementor-size-default\">Pregled prisotnosti zaposlenih, v realnem \u010dasu<\/h2>\t\t\t\t<\/div>\n\t\t\t\t<\/div>\n\t\t\t\t\t<\/div>\n\t\t<\/div>\n\t\t\t\t\t<\/div>\n\t\t<\/section>\n\t\t\t\t<section class=\"elementor-section elementor-top-section elementor-element elementor-element-52b9ce8 elementor-section-boxed elementor-section-height-default elementor-section-height-default\" data-id=\"52b9ce8\" data-element_type=\"section\" data-e-type=\"section\">\n\t\t\t\t\t\t<div class=\"elementor-container elementor-column-gap-default\">\n\t\t\t\t\t<div class=\"elementor-column elementor-col-100 elementor-top-column elementor-element elementor-element-be7b907\" data-id=\"be7b907\" data-element_type=\"column\" data-e-type=\"column\">\n\t\t\t<div class=\"elementor-widget-wrap elementor-element-populated\">\n\t\t\t\t\t\t<div class=\"elementor-element elementor-element-f64ae6d elementor-widget elementor-widget-text-editor\" data-id=\"f64ae6d\" data-element_type=\"widget\" data-e-type=\"widget\" data-widget_type=\"text-editor.default\">\n\t\t\t\t<div class=\"elementor-widget-container\">\n\t\t\t\t\t\t\t\t\t<p>Dobrodo\u0161li na uradni strani BLACKBLOX.time, vodilne re\u0161itve za upravljanje delovnega \u010dasa in pregled prisotnosti zaposlenih. Razvili smo popolno orodje, ki bele\u017ei prihode in odhode zaposlenih ter omogo\u010da vnos razli\u010dnih statusov. Tako vam omogo\u010damo, da v realnem \u010dasu spremljate dnevni pregled opravljenih ur, ur nad delovnim \u010dasom ter morebitnih primanjkljajev.<\/p><p><a href=\"https:\/\/blackblox.si\/en\/registracija-delovnega-casa\/\" target=\"_new\">Odkrijte ve\u010d o registraciji delovnega \u010dasa z BLACKBLOX<\/a>.<\/p>\t\t\t\t\t\t\t\t<\/div>\n\t\t\t\t<\/div>\n\t\t\t\t\t<\/div>\n\t\t<\/div>\n\t\t\t\t\t<\/div>\n\t\t<\/section>\n\t\t\t\t<section class=\"elementor-section elementor-top-section elementor-element elementor-element-686a336 elementor-section-boxed elementor-section-height-default elementor-section-height-default\" data-id=\"686a336\" data-element_type=\"section\" data-e-type=\"section\">\n\t\t\t\t\t\t<div class=\"elementor-container elementor-column-gap-default\">\n\t\t\t\t\t<div class=\"elementor-column elementor-col-100 elementor-top-column elementor-element elementor-element-6f36559\" data-id=\"6f36559\" data-element_type=\"column\" data-e-type=\"column\">\n\t\t\t<div class=\"elementor-widget-wrap elementor-element-populated\">\n\t\t\t\t\t\t<div class=\"elementor-element elementor-element-fa4f676 elementor-widget elementor-widget-heading\" data-id=\"fa4f676\" data-element_type=\"widget\" data-e-type=\"widget\" data-widget_type=\"heading.default\">\n\t\t\t\t<div class=\"elementor-widget-container\">\n\t\t\t\t\t<h2 class=\"elementor-heading-title elementor-size-default\">Klju\u010dne funkcije<\/h2>\t\t\t\t<\/div>\n\t\t\t\t<\/div>\n\t\t\t\t\t<\/div>\n\t\t<\/div>\n\t\t\t\t\t<\/div>\n\t\t<\/section>\n\t\t\t\t<section class=\"elementor-section elementor-top-section elementor-element elementor-element-a4ab30d elementor-section-boxed elementor-section-height-default elementor-section-height-default\" data-id=\"a4ab30d\" data-element_type=\"section\" data-e-type=\"section\">\n\t\t\t\t\t\t<div class=\"elementor-container elementor-column-gap-default\">\n\t\t\t\t\t<div class=\"elementor-column elementor-col-100 elementor-top-column elementor-element elementor-element-077f5f8\" data-id=\"077f5f8\" data-element_type=\"column\" data-e-type=\"column\">\n\t\t\t<div class=\"elementor-widget-wrap elementor-element-populated\">\n\t\t\t\t\t\t<div class=\"elementor-element elementor-element-7462358 elementor-widget elementor-widget-text-editor\" data-id=\"7462358\" data-element_type=\"widget\" data-e-type=\"widget\" data-widget_type=\"text-editor.default\">\n\t\t\t\t<div class=\"elementor-widget-container\">\n\t\t\t\t\t\t\t\t\t<h4>Time and attendance registration<\/h4><p>Aplikacija nudi mo\u017enost registracije delovnega \u010dasa preko razli\u010dnih naprav:<\/p><ul><li>Ra\u010dunalnik,<\/li><li>mobilni telefon,<\/li><li>NFC \u010ditalec v vozilu,<\/li><li>klasi\u010dni registrator delovnega \u010dasa.<\/li><\/ul><h4>Dnevni pregled opravljenih ur<\/h4><p>Pridobite hiter in to\u010den pregled prisotnosti zaposlenih ter spremljajte stanje delovnih ur v realnem \u010dasu.<\/p><h4>Vnos statusov<\/h4><p>Aplikacija omogo\u010da enostaven vnos razli\u010dnih statusov:<\/p><ul><li>Letni dopust,<\/li><li>bolni\u0161ka odsotnost,<\/li><li>nega,<\/li><li>in mnogo ve\u010d.<\/li><\/ul>\t\t\t\t\t\t\t\t<\/div>\n\t\t\t\t<\/div>\n\t\t\t\t\t<\/div>\n\t\t<\/div>\n\t\t\t\t\t<\/div>\n\t\t<\/section>\n\t\t\t\t<section class=\"elementor-section elementor-top-section elementor-element elementor-element-1a244cb elementor-section-boxed elementor-section-height-default elementor-section-height-default\" data-id=\"1a244cb\" data-element_type=\"section\" data-e-type=\"section\">\n\t\t\t\t\t\t<div class=\"elementor-container elementor-column-gap-default\">\n\t\t\t\t\t<div class=\"elementor-column elementor-col-100 elementor-top-column elementor-element elementor-element-a9a6a66\" data-id=\"a9a6a66\" data-element_type=\"column\" data-e-type=\"column\">\n\t\t\t<div class=\"elementor-widget-wrap elementor-element-populated\">\n\t\t\t\t\t\t<div class=\"elementor-element elementor-element-721175e elementor-widget elementor-widget-heading\" data-id=\"721175e\" data-element_type=\"widget\" data-e-type=\"widget\" data-widget_type=\"heading.default\">\n\t\t\t\t<div class=\"elementor-widget-container\">\n\t\t\t\t\t<h2 class=\"elementor-heading-title elementor-size-default\">Zakaj izbrati BLACKBLOX.time za upravljanje delovnega \u010dasa?<\/h2>\t\t\t\t<\/div>\n\t\t\t\t<\/div>\n\t\t\t\t\t<\/div>\n\t\t<\/div>\n\t\t\t\t\t<\/div>\n\t\t<\/section>\n\t\t\t\t<section class=\"elementor-section elementor-top-section elementor-element elementor-element-3663583 elementor-section-boxed elementor-section-height-default elementor-section-height-default\" data-id=\"3663583\" data-element_type=\"section\" data-e-type=\"section\">\n\t\t\t\t\t\t<div class=\"elementor-container elementor-column-gap-default\">\n\t\t\t\t\t<div class=\"elementor-column elementor-col-100 elementor-top-column elementor-element elementor-element-33077b4\" data-id=\"33077b4\" data-element_type=\"column\" data-e-type=\"column\">\n\t\t\t<div class=\"elementor-widget-wrap elementor-element-populated\">\n\t\t\t\t\t\t<div class=\"elementor-element elementor-element-2429b31 elementor-widget elementor-widget-text-editor\" data-id=\"2429b31\" data-element_type=\"widget\" data-e-type=\"widget\" data-widget_type=\"text-editor.default\">\n\t\t\t\t<div class=\"elementor-widget-container\">\n\t\t\t\t\t\t\t\t\t<ul><li><p><strong>Optimizacija poslovanja<\/strong>: Na\u0161a aplikacija omogo\u010da nadgradnjo in optimizacijo va\u0161ega poslovanja, storitev in dogodkov.<\/p><\/li><li><p><strong>Natan\u010dnost<\/strong>: Zajam\u010dena je visoka stopnja natan\u010dnosti pri bele\u017eenju delovnih ur.<\/p><\/li><li><p><strong>Prilagodljivost<\/strong>: Sistem je zasnovan tako, da se lahko prilagodi potrebam va\u0161ega podjetja.<\/p><\/li><\/ul>\t\t\t\t\t\t\t\t<\/div>\n\t\t\t\t<\/div>\n\t\t\t\t\t<\/div>\n\t\t<\/div>\n\t\t\t\t\t<\/div>\n\t\t<\/section>\n\t\t\t\t<section class=\"elementor-section elementor-top-section elementor-element elementor-element-426337b elementor-section-boxed elementor-section-height-default elementor-section-height-default\" data-id=\"426337b\" data-element_type=\"section\" data-e-type=\"section\">\n\t\t\t\t\t\t<div class=\"elementor-container elementor-column-gap-default\">\n\t\t\t\t\t<div class=\"elementor-column elementor-col-100 elementor-top-column elementor-element elementor-element-2d9373d\" data-id=\"2d9373d\" data-element_type=\"column\" data-e-type=\"column\">\n\t\t\t<div class=\"elementor-widget-wrap elementor-element-populated\">\n\t\t\t\t\t\t<div class=\"elementor-element elementor-element-76ae5fa elementor-widget-divider--view-line elementor-widget elementor-widget-divider\" data-id=\"76ae5fa\" data-element_type=\"widget\" data-e-type=\"widget\" data-widget_type=\"divider.default\">\n\t\t\t\t<div class=\"elementor-widget-container\">\n\t\t\t\t\t\t\t<div class=\"elementor-divider\">\n\t\t\t<span class=\"elementor-divider-separator\">\n\t\t\t\t\t\t<\/span>\n\t\t<\/div>\n\t\t\t\t\t\t<\/div>\n\t\t\t\t<\/div>\n\t\t\t\t\t<\/div>\n\t\t<\/div>\n\t\t\t\t\t<\/div>\n\t\t<\/section>\n\t\t\t\t<section class=\"elementor-section elementor-top-section elementor-element elementor-element-118103c elementor-section-boxed elementor-section-height-default elementor-section-height-default\" data-id=\"118103c\" data-element_type=\"section\" data-e-type=\"section\">\n\t\t\t\t\t\t<div class=\"elementor-container elementor-column-gap-default\">\n\t\t\t\t\t<div class=\"elementor-column elementor-col-100 elementor-top-column elementor-element elementor-element-a961751\" data-id=\"a961751\" data-element_type=\"column\" data-e-type=\"column\">\n\t\t\t<div class=\"elementor-widget-wrap elementor-element-populated\">\n\t\t\t\t\t\t<div class=\"elementor-element elementor-element-70a8ee5 elementor-widget elementor-widget-text-editor\" data-id=\"70a8ee5\" data-element_type=\"widget\" data-e-type=\"widget\" data-widget_type=\"text-editor.default\">\n\t\t\t\t<div class=\"elementor-widget-container\">\n\t\t\t\t\t\t\t\t\t<p>Ne zamudite prilo\u017enosti za izbolj\u0161anje upravljanja delovnega \u010dasa in pregleda prisotnosti zaposlenih. Izberite BLACKBLOX.time za bolj\u0161e, hitrej\u0161e in u\u010dinkovitej\u0161e vodenje delovnega \u010dasa.<\/p><p><a href=\"https:\/\/blackblox.si\/en\/registracija-delovnega-casa\/\" target=\"_new\">Odkrijte ve\u010d o registraciji delovnega \u010dasa z BLACKBLOX<\/a><\/p>\t\t\t\t\t\t\t\t<\/div>\n\t\t\t\t<\/div>\n\t\t\t\t\t<\/div>\n\t\t<\/div>\n\t\t\t\t\t<\/div>\n\t\t<\/section>\n\t\t\t\t<\/div>","protected":false},"excerpt":{"rendered":"<p>BLACKBLOX.time: U\u010dinkovito upravljanje delovnega \u010dasa Pregled prisotnosti zaposlenih, v realnem \u010dasu Dobrodo\u0161li na uradni strani BLACKBLOX.time, vodilne re\u0161itve za upravljanje delovnega \u010dasa in pregled prisotnosti zaposlenih. Razvili smo popolno orodje, ki bele\u017ei prihode in odhode zaposlenih ter omogo\u010da vnos razli\u010dnih statusov. Tako vam omogo\u010damo, da v realnem \u010dasu spremljate dnevni pregled opravljenih ur, ur nad [&hellip;]<\/p>","protected":false},"author":1,"featured_media":0,"parent":0,"menu_order":0,"comment_status":"closed","ping_status":"closed","template":"","meta":{"ocean_post_layout":"","ocean_both_sidebars_style":"","ocean_both_sidebars_content_width":0,"ocean_both_sidebars_sidebars_width":0,"ocean_sidebar":"0","ocean_second_sidebar":"0","ocean_disable_margins":"enable","ocean_add_body_class":"","ocean_shortcode_before_top_bar":"","ocean_shortcode_after_top_bar":"","ocean_shortcode_before_header":"","ocean_shortcode_after_header":"","ocean_has_shortcode":"","ocean_shortcode_after_title":"","ocean_shortcode_before_footer_widgets":"","ocean_shortcode_after_footer_widgets":"","ocean_shortcode_before_footer_bottom":"","ocean_shortcode_after_footer_bottom":"","ocean_display_top_bar":"default","ocean_display_header":"default","ocean_header_style":"","ocean_center_header_left_menu":"0","ocean_custom_header_template":"0","ocean_custom_logo":0,"ocean_custom_retina_logo":0,"ocean_custom_logo_max_width":0,"ocean_custom_logo_tablet_max_width":0,"ocean_custom_logo_mobile_max_width":0,"ocean_custom_logo_max_height":0,"ocean_custom_logo_tablet_max_height":0,"ocean_custom_logo_mobile_max_height":0,"ocean_header_custom_menu":"0","ocean_menu_typo_font_family":"0","ocean_menu_typo_font_subset":"","ocean_menu_typo_font_size":0,"ocean_menu_typo_font_size_tablet":0,"ocean_menu_typo_font_size_mobile":0,"ocean_menu_typo_font_size_unit":"px","ocean_menu_typo_font_weight":"","ocean_menu_typo_font_weight_tablet":"","ocean_menu_typo_font_weight_mobile":"","ocean_menu_typo_transform":"","ocean_menu_typo_transform_tablet":"","ocean_menu_typo_transform_mobile":"","ocean_menu_typo_line_height":0,"ocean_menu_typo_line_height_tablet":0,"ocean_menu_typo_line_height_mobile":0,"ocean_menu_typo_line_height_unit":"","ocean_menu_typo_spacing":0,"ocean_menu_typo_spacing_tablet":0,"ocean_menu_typo_spacing_mobile":0,"ocean_menu_typo_spacing_unit":"","ocean_menu_link_color":"","ocean_menu_link_color_hover":"","ocean_menu_link_color_active":"","ocean_menu_link_background":"","ocean_menu_link_hover_background":"","ocean_menu_link_active_background":"","ocean_menu_social_links_bg":"","ocean_menu_social_hover_links_bg":"","ocean_menu_social_links_color":"","ocean_menu_social_hover_links_color":"","ocean_disable_title":"on","ocean_disable_heading":"default","ocean_post_title":"","ocean_post_subheading":"","ocean_post_title_style":"","ocean_post_title_background_color":"","ocean_post_title_background":0,"ocean_post_title_bg_image_position":"","ocean_post_title_bg_image_attachment":"","ocean_post_title_bg_image_repeat":"","ocean_post_title_bg_image_size":"","ocean_post_title_height":0,"ocean_post_title_bg_overlay":0.5,"ocean_post_title_bg_overlay_color":"","ocean_disable_breadcrumbs":"default","ocean_breadcrumbs_color":"","ocean_breadcrumbs_separator_color":"","ocean_breadcrumbs_links_color":"","ocean_breadcrumbs_links_hover_color":"","ocean_display_footer_widgets":"default","ocean_display_footer_bottom":"default","ocean_custom_footer_template":"0","footnotes":""},"class_list":["post-3587","page","type-page","status-publish","hentry","entry"],"yoast_head":"<!-- This site is optimized with the Yoast SEO plugin v20.10 - https:\/\/yoast.com\/wordpress\/plugins\/seo\/ -->\n<title>BLACKBLOX time - BLACKBLOX<\/title>\n<meta name=\"description\" content=\"BLACKBLOX.time zagotavlja u\u010dinkovito upravljanje delovnega \u010dasa in pregled prisotnosti zaposlenih. Odkrijte ve\u010d!\" \/>\n<meta name=\"robots\" content=\"index, follow, max-snippet:-1, max-image-preview:large, max-video-preview:-1\" \/>\n<link rel=\"canonical\" href=\"https:\/\/blackblox.si\/en\/blackblox-time\/\" \/>\n<meta property=\"og:locale\" content=\"en_US\" \/>\n<meta property=\"og:type\" content=\"article\" \/>\n<meta property=\"og:title\" content=\"BLACKBLOX time - BLACKBLOX\" \/>\n<meta property=\"og:description\" content=\"BLACKBLOX.time zagotavlja u\u010dinkovito upravljanje delovnega \u010dasa in pregled prisotnosti zaposlenih. Odkrijte ve\u010d!\" \/>\n<meta property=\"og:url\" content=\"https:\/\/blackblox.si\/en\/blackblox-time\/\" \/>\n<meta property=\"og:site_name\" content=\"BLACKBLOX\" \/>\n<meta property=\"article:publisher\" content=\"https:\/\/www.facebook.com\/blackbloxsocial\/\" \/>\n<meta property=\"article:modified_time\" content=\"2023-09-25T09:40:43+00:00\" \/>\n<meta name=\"twitter:card\" content=\"summary_large_image\" \/>\n<meta name=\"twitter:label1\" content=\"Est. reading time\" \/>\n\t<meta name=\"twitter:data1\" content=\"1 minute\" \/>\n<script type=\"application\/ld+json\" class=\"yoast-schema-graph\">{\"@context\":\"https:\/\/schema.org\",\"@graph\":[{\"@type\":\"WebPage\",\"@id\":\"https:\/\/blackblox.si\/blackblox-time\/\",\"url\":\"https:\/\/blackblox.si\/blackblox-time\/\",\"name\":\"BLACKBLOX time - BLACKBLOX\",\"isPartOf\":{\"@id\":\"https:\/\/blackblox.si\/#website\"},\"datePublished\":\"2023-07-14T09:23:15+00:00\",\"dateModified\":\"2023-09-25T09:40:43+00:00\",\"description\":\"BLACKBLOX.time zagotavlja u\u010dinkovito upravljanje delovnega \u010dasa in pregled prisotnosti zaposlenih. Odkrijte ve\u010d!\",\"breadcrumb\":{\"@id\":\"https:\/\/blackblox.si\/blackblox-time\/#breadcrumb\"},\"inLanguage\":\"en-US\",\"potentialAction\":[{\"@type\":\"ReadAction\",\"target\":[\"https:\/\/blackblox.si\/blackblox-time\/\"]}]},{\"@type\":\"BreadcrumbList\",\"@id\":\"https:\/\/blackblox.si\/blackblox-time\/#breadcrumb\",\"itemListElement\":[{\"@type\":\"ListItem\",\"position\":1,\"name\":\"Home\",\"item\":\"https:\/\/blackblox.si\/\"},{\"@type\":\"ListItem\",\"position\":2,\"name\":\"BLACKBLOX time\"}]},{\"@type\":\"WebSite\",\"@id\":\"https:\/\/blackblox.si\/#website\",\"url\":\"https:\/\/blackblox.si\/\",\"name\":\"BLACKBLOX\",\"description\":\"BLACKBLOX\",\"publisher\":{\"@id\":\"https:\/\/blackblox.si\/#organization\"},\"potentialAction\":[{\"@type\":\"SearchAction\",\"target\":{\"@type\":\"EntryPoint\",\"urlTemplate\":\"https:\/\/blackblox.si\/?s={search_term_string}\"},\"query-input\":\"required name=search_term_string\"}],\"inLanguage\":\"en-US\"},{\"@type\":\"Organization\",\"@id\":\"https:\/\/blackblox.si\/#organization\",\"name\":\"Blackblox d. o. o.\",\"url\":\"https:\/\/blackblox.si\/\",\"logo\":{\"@type\":\"ImageObject\",\"inLanguage\":\"en-US\",\"@id\":\"https:\/\/blackblox.si\/#\/schema\/logo\/image\/\",\"url\":\"https:\/\/blackblox.si\/wp-content\/uploads\/2022\/07\/cropped-Logo-4.1.-1.png\",\"contentUrl\":\"https:\/\/blackblox.si\/wp-content\/uploads\/2022\/07\/cropped-Logo-4.1.-1.png\",\"width\":4509,\"height\":953,\"caption\":\"Blackblox d. o. o.\"},\"image\":{\"@id\":\"https:\/\/blackblox.si\/#\/schema\/logo\/image\/\"},\"sameAs\":[\"https:\/\/www.facebook.com\/blackbloxsocial\/\",\"https:\/\/www.linkedin.com\/company\/blackbloxsi\/\"]}]}<\/script>\n<!-- \/ Yoast SEO plugin. -->","yoast_head_json":{"title":"BLACKBLOX time - BLACKBLOX","description":"BLACKBLOX.time zagotavlja u\u010dinkovito upravljanje delovnega \u010dasa in pregled prisotnosti zaposlenih. Odkrijte ve\u010d!","robots":{"index":"index","follow":"follow","max-snippet":"max-snippet:-1","max-image-preview":"max-image-preview:large","max-video-preview":"max-video-preview:-1"},"canonical":"https:\/\/blackblox.si\/en\/blackblox-time\/","og_locale":"en_US","og_type":"article","og_title":"BLACKBLOX time - BLACKBLOX","og_description":"BLACKBLOX.time zagotavlja u\u010dinkovito upravljanje delovnega \u010dasa in pregled prisotnosti zaposlenih. Odkrijte ve\u010d!","og_url":"https:\/\/blackblox.si\/en\/blackblox-time\/","og_site_name":"BLACKBLOX","article_publisher":"https:\/\/www.facebook.com\/blackbloxsocial\/","article_modified_time":"2023-09-25T09:40:43+00:00","twitter_card":"summary_large_image","twitter_misc":{"Est. reading time":"1 minute"},"schema":{"@context":"https:\/\/schema.org","@graph":[{"@type":"WebPage","@id":"https:\/\/blackblox.si\/blackblox-time\/","url":"https:\/\/blackblox.si\/blackblox-time\/","name":"BLACKBLOX time - BLACKBLOX","isPartOf":{"@id":"https:\/\/blackblox.si\/#website"},"datePublished":"2023-07-14T09:23:15+00:00","dateModified":"2023-09-25T09:40:43+00:00","description":"BLACKBLOX.time zagotavlja u\u010dinkovito upravljanje delovnega \u010dasa in pregled prisotnosti zaposlenih. Odkrijte ve\u010d!","breadcrumb":{"@id":"https:\/\/blackblox.si\/blackblox-time\/#breadcrumb"},"inLanguage":"en-US","potentialAction":[{"@type":"ReadAction","target":["https:\/\/blackblox.si\/blackblox-time\/"]}]},{"@type":"BreadcrumbList","@id":"https:\/\/blackblox.si\/blackblox-time\/#breadcrumb","itemListElement":[{"@type":"ListItem","position":1,"name":"Home","item":"https:\/\/blackblox.si\/"},{"@type":"ListItem","position":2,"name":"BLACKBLOX time"}]},{"@type":"WebSite","@id":"https:\/\/blackblox.si\/#website","url":"https:\/\/blackblox.si\/","name":"BLACKBLOX","description":"BLACKBLOX","publisher":{"@id":"https:\/\/blackblox.si\/#organization"},"potentialAction":[{"@type":"SearchAction","target":{"@type":"EntryPoint","urlTemplate":"https:\/\/blackblox.si\/?s={search_term_string}"},"query-input":"required name=search_term_string"}],"inLanguage":"en-US"},{"@type":"Organization","@id":"https:\/\/blackblox.si\/#organization","name":"Blackblox d. o. o.","url":"https:\/\/blackblox.si\/","logo":{"@type":"ImageObject","inLanguage":"en-US","@id":"https:\/\/blackblox.si\/#\/schema\/logo\/image\/","url":"https:\/\/blackblox.si\/wp-content\/uploads\/2022\/07\/cropped-Logo-4.1.-1.png","contentUrl":"https:\/\/blackblox.si\/wp-content\/uploads\/2022\/07\/cropped-Logo-4.1.-1.png","width":4509,"height":953,"caption":"Blackblox d. o. o."},"image":{"@id":"https:\/\/blackblox.si\/#\/schema\/logo\/image\/"},"sameAs":["https:\/\/www.facebook.com\/blackbloxsocial\/","https:\/\/www.linkedin.com\/company\/blackbloxsi\/"]}]}},"_links":{"self":[{"href":"https:\/\/blackblox.si\/en\/wp-json\/wp\/v2\/pages\/3587","targetHints":{"allow":["GET"]}}],"collection":[{"href":"https:\/\/blackblox.si\/en\/wp-json\/wp\/v2\/pages"}],"about":[{"href":"https:\/\/blackblox.si\/en\/wp-json\/wp\/v2\/types\/page"}],"author":[{"embeddable":true,"href":"https:\/\/blackblox.si\/en\/wp-json\/wp\/v2\/users\/1"}],"replies":[{"embeddable":true,"href":"https:\/\/blackblox.si\/en\/wp-json\/wp\/v2\/comments?post=3587"}],"version-history":[{"count":12,"href":"https:\/\/blackblox.si\/en\/wp-json\/wp\/v2\/pages\/3587\/revisions"}],"predecessor-version":[{"id":4024,"href":"https:\/\/blackblox.si\/en\/wp-json\/wp\/v2\/pages\/3587\/revisions\/4024"}],"wp:attachment":[{"href":"https:\/\/blackblox.si\/en\/wp-json\/wp\/v2\/media?parent=3587"}],"curies":[{"name":"wp","href":"https:\/\/api.w.org\/{rel}","templated":true}]}}