{"id":815,"date":"2021-09-02T08:49:46","date_gmt":"2021-09-02T08:49:46","guid":{"rendered":"https:\/\/website.blackblox.eu\/?page_id=815"},"modified":"2023-07-09T08:08:56","modified_gmt":"2023-07-09T08:08:56","slug":"ponudba","status":"publish","type":"page","link":"https:\/\/blackblox.si\/en\/ponudba\/","title":{"rendered":"Offer"},"content":{"rendered":"<h1 class=\"wp-block-heading\">Offer<\/h1>\n\n\n\n<p>Na\u0161a ponudba je zelo \u0161iroka. Z razvojem strojne in programske opreme ustvarjamo celostne poslovne re\u0161itve na podro\u010dju <a href=\"https:\/\/blackblox.si\/en\/sledenje-vozilom-in-tovoru\/\">sledenja<\/a>, telemetrije in IoT.<\/p>\n\n\n\n<h2 class=\"wp-block-heading\">1. Ponudba celostnih poslovnih re\u0161itev<\/h2>\n\n\n\n<p>We improve the quality and efficiency of your business, whatever your sector or service, with innovative solutions to automate control functions, operational management and workflows.<\/p>\n\n\n\n<p>Ponujamo kvalitetne re\u0161itve na podro\u010djih:<\/p>\n\n\n\n<p><a href=\"https:\/\/blackblox.si\/en\/sledenje-vozilom-in-tovoru\/\">Vehicle and cargo tracking<br><\/a><a href=\"https:\/\/blackblox.si\/en\/registracija-delovnega-casa\/\">Time and attendance registration<br><\/a><a href=\"https:\/\/blackblox.si\/en\/sistem-narocanja\/\">E-appointment system<br><\/a><a href=\"https:\/\/blackblox.si\/en\/placilni-sistemi-v-prodajnih-avtomatih\/\">Payment systems in vending machines<br><\/a><\/p>\n\n\n\n<h2 class=\"wp-block-heading\">2. Ponudba <a href=\"https:\/\/blackblox.si\/en\/resitve-po-narocilu\/\">re\u0161itev po naro\u010dilu<\/a><\/h2>\n\n\n\n<p>If you cannot find a suitable solution, we will develop it for you!<\/p>\n\n\n\n<p>As the only company in Slovenia in this field, we have our own in-house development and production of both hardware and software. This allows us to design and implement a complete customised solution according to your wishes and needs.<\/p>\n\n\n\n<p>With our experience, knowledge and partner connections, we have created a large circle of satisfied customers who have built effective and reliable solutions in a wide range of areas with our help.<\/p>\n\n\n\n<p>We can help you create a success story, a value added service that reflects your competitive advantage. Sign up for a free consultation, where we will show you how we work and create a suitable solution.<\/p>\n\n\n\n<p><\/p>\n\n\n\n<h2 class=\"wp-block-heading\">3. Druge celostne poslovne re\u0161itve<\/h2>\n\n\n\n<h3 class=\"wp-block-heading\">3.1. Telekomunikacije<\/h3>\n\n\n\n<p>Ponujamo <a href=\"https:\/\/blackblox.si\/en\/telekomunikacije\/\">napredne komunikacijske re\u0161itve<\/a> proizvajalca Auerswald. Vse od IP telefonije, mobilnih telefonov, aplikacij, obla\u010dnih re\u0161itev, sistema \u201csestrski klic\u201d do sistema, namenjenega za klice v sili iz dvigala.<\/p>\n\n\n\n<h3 class=\"wp-block-heading\">3.2. IoT<\/h3>\n\n\n\n<p>Ker obvladamo mobilno komunikacijo in senzoriko, hkrati pa na\u0161e izdelke odlikuje vzdr\u017eljivost in odpornost, smo za naslednje leto (Q3 2024) predvideli novo linijo izdelkov, ki smo jo poimenovali \u00bb<a href=\"https:\/\/blackblox.si\/en\/iot\/\">BLACKBLOX.IoT<\/a>\u00ab. Obsegala bo senzorje temperature, vlage, senzorja nivoja padavin in kakovosti zraka, senzorje prometa, itd. Komunicirali bodo preko tehnologij 5G (Narrowband, Cat5M) delovali pa na baterije z ve\u010dletno avtonomijo. Da bomo univerzalno povezljivi, uporabljamo protokole MQTT\u2026<\/p>","protected":false},"excerpt":{"rendered":"<p>Ponudba Na\u0161a ponudba je zelo \u0161iroka. Z razvojem strojne in programske opreme ustvarjamo celostne poslovne re\u0161itve na podro\u010dju sledenja, telemetrije in IoT. 1. Ponudba celostnih poslovnih re\u0161itev Z inovativnimi re\u0161itvami za avtomatizacijo nadzornih funkcij, operativnega vodenja in delovnih postopkov izbolj\u0161ujemo kakovost ter u\u010dinkovitost va\u0161ega poslovanja, ne glede na podro\u010dje ali storitev. Ponujamo kvalitetne re\u0161itve na [&hellip;]<\/p>","protected":false},"author":1,"featured_media":0,"parent":0,"menu_order":0,"comment_status":"closed","ping_status":"closed","template":"","meta":{"ocean_post_layout":"","ocean_both_sidebars_style":"","ocean_both_sidebars_content_width":0,"ocean_both_sidebars_sidebars_width":0,"ocean_sidebar":"0","ocean_second_sidebar":"0","ocean_disable_margins":"enable","ocean_add_body_class":"","ocean_shortcode_before_top_bar":"","ocean_shortcode_after_top_bar":"","ocean_shortcode_before_header":"","ocean_shortcode_after_header":"","ocean_has_shortcode":"","ocean_shortcode_after_title":"","ocean_shortcode_before_footer_widgets":"","ocean_shortcode_after_footer_widgets":"","ocean_shortcode_before_footer_bottom":"","ocean_shortcode_after_footer_bottom":"","ocean_display_top_bar":"default","ocean_display_header":"default","ocean_header_style":"","ocean_center_header_left_menu":"0","ocean_custom_header_template":"0","ocean_custom_logo":0,"ocean_custom_retina_logo":0,"ocean_custom_logo_max_width":0,"ocean_custom_logo_tablet_max_width":0,"ocean_custom_logo_mobile_max_width":0,"ocean_custom_logo_max_height":0,"ocean_custom_logo_tablet_max_height":0,"ocean_custom_logo_mobile_max_height":0,"ocean_header_custom_menu":"0","ocean_menu_typo_font_family":"0","ocean_menu_typo_font_subset":"","ocean_menu_typo_font_size":0,"ocean_menu_typo_font_size_tablet":0,"ocean_menu_typo_font_size_mobile":0,"ocean_menu_typo_font_size_unit":"px","ocean_menu_typo_font_weight":"","ocean_menu_typo_font_weight_tablet":"","ocean_menu_typo_font_weight_mobile":"","ocean_menu_typo_transform":"","ocean_menu_typo_transform_tablet":"","ocean_menu_typo_transform_mobile":"","ocean_menu_typo_line_height":0,"ocean_menu_typo_line_height_tablet":0,"ocean_menu_typo_line_height_mobile":0,"ocean_menu_typo_line_height_unit":"","ocean_menu_typo_spacing":0,"ocean_menu_typo_spacing_tablet":0,"ocean_menu_typo_spacing_mobile":0,"ocean_menu_typo_spacing_unit":"","ocean_menu_link_color":"","ocean_menu_link_color_hover":"","ocean_menu_link_color_active":"","ocean_menu_link_background":"","ocean_menu_link_hover_background":"","ocean_menu_link_active_background":"","ocean_menu_social_links_bg":"","ocean_menu_social_hover_links_bg":"","ocean_menu_social_links_color":"","ocean_menu_social_hover_links_color":"","ocean_disable_title":"on","ocean_disable_heading":"default","ocean_post_title":"","ocean_post_subheading":"","ocean_post_title_style":"","ocean_post_title_background_color":"","ocean_post_title_background":0,"ocean_post_title_bg_image_position":"","ocean_post_title_bg_image_attachment":"","ocean_post_title_bg_image_repeat":"","ocean_post_title_bg_image_size":"","ocean_post_title_height":0,"ocean_post_title_bg_overlay":0.5,"ocean_post_title_bg_overlay_color":"","ocean_disable_breadcrumbs":"default","ocean_breadcrumbs_color":"","ocean_breadcrumbs_separator_color":"","ocean_breadcrumbs_links_color":"","ocean_breadcrumbs_links_hover_color":"","ocean_display_footer_widgets":"default","ocean_display_footer_bottom":"default","ocean_custom_footer_template":"0","footnotes":""},"class_list":["post-815","page","type-page","status-publish","hentry","entry"],"yoast_head":"<!-- This site is optimized with the Yoast SEO plugin v20.10 - https:\/\/yoast.com\/wordpress\/plugins\/seo\/ -->\n<title>Ponudba - BLACKBLOX<\/title>\n<meta name=\"description\" content=\"Ponudba podjetja Blackblox d.o.o. vklju\u010duje celostne poslovne re\u0161itve na podro\u010dju sledenja, telemetrije in IoT.\" \/>\n<meta name=\"robots\" content=\"index, follow, max-snippet:-1, max-image-preview:large, max-video-preview:-1\" \/>\n<link rel=\"canonical\" href=\"https:\/\/blackblox.si\/en\/ponudba\/\" \/>\n<meta property=\"og:locale\" content=\"en_US\" \/>\n<meta property=\"og:type\" content=\"article\" \/>\n<meta property=\"og:title\" content=\"Ponudba - BLACKBLOX\" \/>\n<meta property=\"og:description\" content=\"Ponudba podjetja Blackblox d.o.o. vklju\u010duje celostne poslovne re\u0161itve na podro\u010dju sledenja, telemetrije in IoT.\" \/>\n<meta property=\"og:url\" content=\"https:\/\/blackblox.si\/en\/ponudba\/\" \/>\n<meta property=\"og:site_name\" content=\"BLACKBLOX\" \/>\n<meta property=\"article:publisher\" content=\"https:\/\/www.facebook.com\/blackbloxsocial\/\" \/>\n<meta property=\"article:modified_time\" content=\"2023-07-09T08:08:56+00:00\" \/>\n<meta name=\"twitter:card\" content=\"summary_large_image\" \/>\n<meta name=\"twitter:label1\" content=\"Est. reading time\" \/>\n\t<meta name=\"twitter:data1\" content=\"2 minutes\" \/>\n<script type=\"application\/ld+json\" class=\"yoast-schema-graph\">{\"@context\":\"https:\/\/schema.org\",\"@graph\":[{\"@type\":\"WebPage\",\"@id\":\"https:\/\/blackblox.si\/ponudba\/\",\"url\":\"https:\/\/blackblox.si\/ponudba\/\",\"name\":\"Ponudba - BLACKBLOX\",\"isPartOf\":{\"@id\":\"https:\/\/blackblox.si\/#website\"},\"datePublished\":\"2021-09-02T08:49:46+00:00\",\"dateModified\":\"2023-07-09T08:08:56+00:00\",\"description\":\"Ponudba podjetja Blackblox d.o.o. vklju\u010duje celostne poslovne re\u0161itve na podro\u010dju sledenja, telemetrije in IoT.\",\"breadcrumb\":{\"@id\":\"https:\/\/blackblox.si\/ponudba\/#breadcrumb\"},\"inLanguage\":\"en-US\",\"potentialAction\":[{\"@type\":\"ReadAction\",\"target\":[\"https:\/\/blackblox.si\/ponudba\/\"]}]},{\"@type\":\"BreadcrumbList\",\"@id\":\"https:\/\/blackblox.si\/ponudba\/#breadcrumb\",\"itemListElement\":[{\"@type\":\"ListItem\",\"position\":1,\"name\":\"Home\",\"item\":\"https:\/\/blackblox.si\/\"},{\"@type\":\"ListItem\",\"position\":2,\"name\":\"Ponudba\"}]},{\"@type\":\"WebSite\",\"@id\":\"https:\/\/blackblox.si\/#website\",\"url\":\"https:\/\/blackblox.si\/\",\"name\":\"BLACKBLOX\",\"description\":\"BLACKBLOX\",\"publisher\":{\"@id\":\"https:\/\/blackblox.si\/#organization\"},\"potentialAction\":[{\"@type\":\"SearchAction\",\"target\":{\"@type\":\"EntryPoint\",\"urlTemplate\":\"https:\/\/blackblox.si\/?s={search_term_string}\"},\"query-input\":\"required name=search_term_string\"}],\"inLanguage\":\"en-US\"},{\"@type\":\"Organization\",\"@id\":\"https:\/\/blackblox.si\/#organization\",\"name\":\"Blackblox d. o. o.\",\"url\":\"https:\/\/blackblox.si\/\",\"logo\":{\"@type\":\"ImageObject\",\"inLanguage\":\"en-US\",\"@id\":\"https:\/\/blackblox.si\/#\/schema\/logo\/image\/\",\"url\":\"https:\/\/blackblox.si\/wp-content\/uploads\/2022\/07\/cropped-Logo-4.1.-1.png\",\"contentUrl\":\"https:\/\/blackblox.si\/wp-content\/uploads\/2022\/07\/cropped-Logo-4.1.-1.png\",\"width\":4509,\"height\":953,\"caption\":\"Blackblox d. o. o.\"},\"image\":{\"@id\":\"https:\/\/blackblox.si\/#\/schema\/logo\/image\/\"},\"sameAs\":[\"https:\/\/www.facebook.com\/blackbloxsocial\/\",\"https:\/\/www.linkedin.com\/company\/blackbloxsi\/\"]}]}<\/script>\n<!-- \/ Yoast SEO plugin. -->","yoast_head_json":{"title":"Ponudba - BLACKBLOX","description":"Ponudba podjetja Blackblox d.o.o. vklju\u010duje celostne poslovne re\u0161itve na podro\u010dju sledenja, telemetrije in IoT.","robots":{"index":"index","follow":"follow","max-snippet":"max-snippet:-1","max-image-preview":"max-image-preview:large","max-video-preview":"max-video-preview:-1"},"canonical":"https:\/\/blackblox.si\/en\/ponudba\/","og_locale":"en_US","og_type":"article","og_title":"Ponudba - BLACKBLOX","og_description":"Ponudba podjetja Blackblox d.o.o. vklju\u010duje celostne poslovne re\u0161itve na podro\u010dju sledenja, telemetrije in IoT.","og_url":"https:\/\/blackblox.si\/en\/ponudba\/","og_site_name":"BLACKBLOX","article_publisher":"https:\/\/www.facebook.com\/blackbloxsocial\/","article_modified_time":"2023-07-09T08:08:56+00:00","twitter_card":"summary_large_image","twitter_misc":{"Est. reading time":"2 minutes"},"schema":{"@context":"https:\/\/schema.org","@graph":[{"@type":"WebPage","@id":"https:\/\/blackblox.si\/ponudba\/","url":"https:\/\/blackblox.si\/ponudba\/","name":"Ponudba - BLACKBLOX","isPartOf":{"@id":"https:\/\/blackblox.si\/#website"},"datePublished":"2021-09-02T08:49:46+00:00","dateModified":"2023-07-09T08:08:56+00:00","description":"Ponudba podjetja Blackblox d.o.o. vklju\u010duje celostne poslovne re\u0161itve na podro\u010dju sledenja, telemetrije in IoT.","breadcrumb":{"@id":"https:\/\/blackblox.si\/ponudba\/#breadcrumb"},"inLanguage":"en-US","potentialAction":[{"@type":"ReadAction","target":["https:\/\/blackblox.si\/ponudba\/"]}]},{"@type":"BreadcrumbList","@id":"https:\/\/blackblox.si\/ponudba\/#breadcrumb","itemListElement":[{"@type":"ListItem","position":1,"name":"Home","item":"https:\/\/blackblox.si\/"},{"@type":"ListItem","position":2,"name":"Ponudba"}]},{"@type":"WebSite","@id":"https:\/\/blackblox.si\/#website","url":"https:\/\/blackblox.si\/","name":"BLACKBLOX","description":"BLACKBLOX","publisher":{"@id":"https:\/\/blackblox.si\/#organization"},"potentialAction":[{"@type":"SearchAction","target":{"@type":"EntryPoint","urlTemplate":"https:\/\/blackblox.si\/?s={search_term_string}"},"query-input":"required name=search_term_string"}],"inLanguage":"en-US"},{"@type":"Organization","@id":"https:\/\/blackblox.si\/#organization","name":"Blackblox d. o. o.","url":"https:\/\/blackblox.si\/","logo":{"@type":"ImageObject","inLanguage":"en-US","@id":"https:\/\/blackblox.si\/#\/schema\/logo\/image\/","url":"https:\/\/blackblox.si\/wp-content\/uploads\/2022\/07\/cropped-Logo-4.1.-1.png","contentUrl":"https:\/\/blackblox.si\/wp-content\/uploads\/2022\/07\/cropped-Logo-4.1.-1.png","width":4509,"height":953,"caption":"Blackblox d. o. o."},"image":{"@id":"https:\/\/blackblox.si\/#\/schema\/logo\/image\/"},"sameAs":["https:\/\/www.facebook.com\/blackbloxsocial\/","https:\/\/www.linkedin.com\/company\/blackbloxsi\/"]}]}},"_links":{"self":[{"href":"https:\/\/blackblox.si\/en\/wp-json\/wp\/v2\/pages\/815","targetHints":{"allow":["GET"]}}],"collection":[{"href":"https:\/\/blackblox.si\/en\/wp-json\/wp\/v2\/pages"}],"about":[{"href":"https:\/\/blackblox.si\/en\/wp-json\/wp\/v2\/types\/page"}],"author":[{"embeddable":true,"href":"https:\/\/blackblox.si\/en\/wp-json\/wp\/v2\/users\/1"}],"replies":[{"embeddable":true,"href":"https:\/\/blackblox.si\/en\/wp-json\/wp\/v2\/comments?post=815"}],"version-history":[{"count":4,"href":"https:\/\/blackblox.si\/en\/wp-json\/wp\/v2\/pages\/815\/revisions"}],"predecessor-version":[{"id":3312,"href":"https:\/\/blackblox.si\/en\/wp-json\/wp\/v2\/pages\/815\/revisions\/3312"}],"wp:attachment":[{"href":"https:\/\/blackblox.si\/en\/wp-json\/wp\/v2\/media?parent=815"}],"curies":[{"name":"wp","href":"https:\/\/api.w.org\/{rel}","templated":true}]}}