{"id":873,"date":"2021-09-02T11:49:55","date_gmt":"2021-09-02T11:49:55","guid":{"rendered":"https:\/\/website.blackblox.eu\/?page_id=873"},"modified":"2023-07-09T08:18:33","modified_gmt":"2023-07-09T08:18:33","slug":"drugo","status":"publish","type":"page","link":"https:\/\/blackblox.si\/en\/drugo\/","title":{"rendered":"Other"},"content":{"rendered":"<h1 class=\"wp-block-heading\">Other<\/h1>\n\n\n\n<p>V segmentu drugo lahko preverite, kaj vse vam ob celostnih poslovnih re\u0161itvah ponujamo v podjetju Blackblox.<\/p>\n\n\n\n<h2 class=\"wp-block-heading\">1. <a href=\"https:\/\/blackblox.si\/en\/telekomunikacije\/\">Telecommunications<\/a><\/h2>\n\n\n\n<p>Ponujamo napredne <a href=\"https:\/\/blackblox.si\/en\/telekomunikacije\/\">komunikacijske re\u0161itve<\/a> proizvajalca Auerswald. Vse od IP telefonije, mobilnih telefonov, aplikacij, obla\u010dnih re\u0161itev, sistema \u201csestrski klic\u201d do sistema, namenjenega za klice v sili iz dvigala.<\/p>\n\n\n\n<h3 class=\"wp-block-heading\">1.1. Auerswald<\/h3>\n\n\n\n<p>A communication solution designed for smaller businesses, offering a wide range of flexible user solutions for both in-house and home working. This IP communications solution combines Internet, voice and data solutions in one system with a capacity of 250 users. As a product that integrates voice, data and applications, it offers a wide range of solutions tailored for all types of communications used by the business.<\/p>\n\n\n\n<h3 class=\"wp-block-heading\">1.2. Komunikacija iz dvigala<\/h3>\n\n\n\n<p>The system, designed for emergency calls from elevators, provides notification and two-way communication. In the event of an elevator malfunction, it allows the user to call and connect directly to a control or rescue centre in a simple way. The system we offer is durable and robust, offering reliable operation and a long service life, and is easy to install.<\/p>\n\n\n\n<h3 class=\"wp-block-heading\">1.3. Sestrski klic<\/h3>\n\n\n\n<p>Podjetje Blackblox d. o. o. \u017ee od svoje ustanovitve na slovenskem tr\u017ei\u0161\u010du zastopa vodilno podjetje za opremo \u00bbsestrskega klica\u00ab na svetu \u2013 Ackermann Honeywell. Ponosni smo, da smo z njihovo najmodernej\u0161o opremo opremili vse dializne centre podjetja Nefrodial v Sloveniji. Klicni in komunikacijski sistem smo tako dopolnili z multimedijskjimi re\u0161itvami, ki pacientom omogo\u010dajo dodatno udobje.<\/p>\n\n\n\n<h2 class=\"wp-block-heading\">2. <a href=\"https:\/\/blackblox.si\/en\/iot\/\">IoT<\/a><\/h2>\n\n\n\n<p>Ker obvladamo mobilno komunikacijo in senzoriko, hkrati pa na\u0161e izdelke odlikuje vzdr\u017eljivost in odpornost, smo za naslednje leto (Q3 2024) predvideli novo linijo izdelkov, ki smo jo poimenovali \u00bb<a href=\"https:\/\/blackblox.si\/en\/iot\/\">BLACKBLOX.IoT<\/a>\u00ab. Obsegala bo senzorje temperature, vlage, senzorja nivoja padavin in kakovosti zraka, senzorje prometa, itd. Komunicirali bodo preko tehnologij 5G (Narrowband, Cat5M) delovali pa na baterije z ve\u010dletno avtonomijo. Da bomo univerzalno povezljivi, uporabljamo protokole MQTT\u2026<\/p>\n\n\n\n<p><\/p>\n\n\n\n<h2 class=\"wp-block-heading\">Book a free consultation<\/h2>\n\n\n\n<p>Ker verjamemo v na\u0161e re\u0161itve, vas vabimo, da se prijavite na <a href=\"https:\/\/blackblox.si\/en\/brezplacen-posvet\/\">free consultation<\/a>, kjer vam bomo odgovorili na vpra\u0161anja in na\u0161li re\u0161itev.<\/p>","protected":false},"excerpt":{"rendered":"<p>Drugo V segmentu drugo lahko preverite, kaj vse vam ob celostnih poslovnih re\u0161itvah ponujamo v podjetju Blackblox. 1. Telekomunikacije Ponujamo napredne komunikacijske re\u0161itve proizvajalca Auerswald. Vse od IP telefonije, mobilnih telefonov, aplikacij, obla\u010dnih re\u0161itev, sistema \u201csestrski klic\u201d do sistema, namenjenega za klice v sili iz dvigala. 1.1. Auerswald Komunikacijska re\u0161itev, ki je namenjena manj\u0161im podjetjem, [&hellip;]<\/p>","protected":false},"author":1,"featured_media":0,"parent":0,"menu_order":0,"comment_status":"closed","ping_status":"closed","template":"","meta":{"ocean_post_layout":"","ocean_both_sidebars_style":"","ocean_both_sidebars_content_width":0,"ocean_both_sidebars_sidebars_width":0,"ocean_sidebar":"0","ocean_second_sidebar":"0","ocean_disable_margins":"enable","ocean_add_body_class":"","ocean_shortcode_before_top_bar":"","ocean_shortcode_after_top_bar":"","ocean_shortcode_before_header":"","ocean_shortcode_after_header":"","ocean_has_shortcode":"","ocean_shortcode_after_title":"","ocean_shortcode_before_footer_widgets":"","ocean_shortcode_after_footer_widgets":"","ocean_shortcode_before_footer_bottom":"","ocean_shortcode_after_footer_bottom":"","ocean_display_top_bar":"default","ocean_display_header":"default","ocean_header_style":"","ocean_center_header_left_menu":"0","ocean_custom_header_template":"0","ocean_custom_logo":0,"ocean_custom_retina_logo":0,"ocean_custom_logo_max_width":0,"ocean_custom_logo_tablet_max_width":0,"ocean_custom_logo_mobile_max_width":0,"ocean_custom_logo_max_height":0,"ocean_custom_logo_tablet_max_height":0,"ocean_custom_logo_mobile_max_height":0,"ocean_header_custom_menu":"0","ocean_menu_typo_font_family":"0","ocean_menu_typo_font_subset":"","ocean_menu_typo_font_size":0,"ocean_menu_typo_font_size_tablet":0,"ocean_menu_typo_font_size_mobile":0,"ocean_menu_typo_font_size_unit":"px","ocean_menu_typo_font_weight":"","ocean_menu_typo_font_weight_tablet":"","ocean_menu_typo_font_weight_mobile":"","ocean_menu_typo_transform":"","ocean_menu_typo_transform_tablet":"","ocean_menu_typo_transform_mobile":"","ocean_menu_typo_line_height":0,"ocean_menu_typo_line_height_tablet":0,"ocean_menu_typo_line_height_mobile":0,"ocean_menu_typo_line_height_unit":"","ocean_menu_typo_spacing":0,"ocean_menu_typo_spacing_tablet":0,"ocean_menu_typo_spacing_mobile":0,"ocean_menu_typo_spacing_unit":"","ocean_menu_link_color":"","ocean_menu_link_color_hover":"","ocean_menu_link_color_active":"","ocean_menu_link_background":"","ocean_menu_link_hover_background":"","ocean_menu_link_active_background":"","ocean_menu_social_links_bg":"","ocean_menu_social_hover_links_bg":"","ocean_menu_social_links_color":"","ocean_menu_social_hover_links_color":"","ocean_disable_title":"on","ocean_disable_heading":"default","ocean_post_title":"","ocean_post_subheading":"","ocean_post_title_style":"","ocean_post_title_background_color":"","ocean_post_title_background":0,"ocean_post_title_bg_image_position":"","ocean_post_title_bg_image_attachment":"","ocean_post_title_bg_image_repeat":"","ocean_post_title_bg_image_size":"","ocean_post_title_height":0,"ocean_post_title_bg_overlay":0.5,"ocean_post_title_bg_overlay_color":"","ocean_disable_breadcrumbs":"default","ocean_breadcrumbs_color":"","ocean_breadcrumbs_separator_color":"","ocean_breadcrumbs_links_color":"","ocean_breadcrumbs_links_hover_color":"","ocean_display_footer_widgets":"default","ocean_display_footer_bottom":"default","ocean_custom_footer_template":"0","footnotes":""},"class_list":["post-873","page","type-page","status-publish","hentry","entry"],"yoast_head":"<!-- This site is optimized with the Yoast SEO plugin v20.10 - https:\/\/yoast.com\/wordpress\/plugins\/seo\/ -->\n<title>Drugo - BLACKBLOX<\/title>\n<meta name=\"description\" content=\"V segmentu drugo lahko preverite, kaj vse vam ob celostnih poslovnih re\u0161itvah ponujamo v podjetju Blackblox.\" \/>\n<meta name=\"robots\" content=\"index, follow, max-snippet:-1, max-image-preview:large, max-video-preview:-1\" \/>\n<link rel=\"canonical\" href=\"https:\/\/blackblox.si\/en\/drugo\/\" \/>\n<meta property=\"og:locale\" content=\"en_US\" \/>\n<meta property=\"og:type\" content=\"article\" \/>\n<meta property=\"og:title\" content=\"Drugo - BLACKBLOX\" \/>\n<meta property=\"og:description\" content=\"V segmentu drugo lahko preverite, kaj vse vam ob celostnih poslovnih re\u0161itvah ponujamo v podjetju Blackblox.\" \/>\n<meta property=\"og:url\" content=\"https:\/\/blackblox.si\/en\/drugo\/\" \/>\n<meta property=\"og:site_name\" content=\"BLACKBLOX\" \/>\n<meta property=\"article:publisher\" content=\"https:\/\/www.facebook.com\/blackbloxsocial\/\" \/>\n<meta property=\"article:modified_time\" content=\"2023-07-09T08:18:33+00:00\" \/>\n<meta name=\"twitter:card\" content=\"summary_large_image\" \/>\n<meta name=\"twitter:label1\" content=\"Est. reading time\" \/>\n\t<meta name=\"twitter:data1\" content=\"2 minutes\" \/>\n<script type=\"application\/ld+json\" class=\"yoast-schema-graph\">{\"@context\":\"https:\/\/schema.org\",\"@graph\":[{\"@type\":\"WebPage\",\"@id\":\"https:\/\/blackblox.si\/drugo\/\",\"url\":\"https:\/\/blackblox.si\/drugo\/\",\"name\":\"Drugo - BLACKBLOX\",\"isPartOf\":{\"@id\":\"https:\/\/blackblox.si\/#website\"},\"datePublished\":\"2021-09-02T11:49:55+00:00\",\"dateModified\":\"2023-07-09T08:18:33+00:00\",\"description\":\"V segmentu drugo lahko preverite, kaj vse vam ob celostnih poslovnih re\u0161itvah ponujamo v podjetju Blackblox.\",\"breadcrumb\":{\"@id\":\"https:\/\/blackblox.si\/drugo\/#breadcrumb\"},\"inLanguage\":\"en-US\",\"potentialAction\":[{\"@type\":\"ReadAction\",\"target\":[\"https:\/\/blackblox.si\/drugo\/\"]}]},{\"@type\":\"BreadcrumbList\",\"@id\":\"https:\/\/blackblox.si\/drugo\/#breadcrumb\",\"itemListElement\":[{\"@type\":\"ListItem\",\"position\":1,\"name\":\"Home\",\"item\":\"https:\/\/blackblox.si\/\"},{\"@type\":\"ListItem\",\"position\":2,\"name\":\"Drugo\"}]},{\"@type\":\"WebSite\",\"@id\":\"https:\/\/blackblox.si\/#website\",\"url\":\"https:\/\/blackblox.si\/\",\"name\":\"BLACKBLOX\",\"description\":\"BLACKBLOX\",\"publisher\":{\"@id\":\"https:\/\/blackblox.si\/#organization\"},\"potentialAction\":[{\"@type\":\"SearchAction\",\"target\":{\"@type\":\"EntryPoint\",\"urlTemplate\":\"https:\/\/blackblox.si\/?s={search_term_string}\"},\"query-input\":\"required name=search_term_string\"}],\"inLanguage\":\"en-US\"},{\"@type\":\"Organization\",\"@id\":\"https:\/\/blackblox.si\/#organization\",\"name\":\"Blackblox d. o. o.\",\"url\":\"https:\/\/blackblox.si\/\",\"logo\":{\"@type\":\"ImageObject\",\"inLanguage\":\"en-US\",\"@id\":\"https:\/\/blackblox.si\/#\/schema\/logo\/image\/\",\"url\":\"https:\/\/blackblox.si\/wp-content\/uploads\/2022\/07\/cropped-Logo-4.1.-1.png\",\"contentUrl\":\"https:\/\/blackblox.si\/wp-content\/uploads\/2022\/07\/cropped-Logo-4.1.-1.png\",\"width\":4509,\"height\":953,\"caption\":\"Blackblox d. o. o.\"},\"image\":{\"@id\":\"https:\/\/blackblox.si\/#\/schema\/logo\/image\/\"},\"sameAs\":[\"https:\/\/www.facebook.com\/blackbloxsocial\/\",\"https:\/\/www.linkedin.com\/company\/blackbloxsi\/\"]}]}<\/script>\n<!-- \/ Yoast SEO plugin. -->","yoast_head_json":{"title":"Drugo - BLACKBLOX","description":"V segmentu drugo lahko preverite, kaj vse vam ob celostnih poslovnih re\u0161itvah ponujamo v podjetju Blackblox.","robots":{"index":"index","follow":"follow","max-snippet":"max-snippet:-1","max-image-preview":"max-image-preview:large","max-video-preview":"max-video-preview:-1"},"canonical":"https:\/\/blackblox.si\/en\/drugo\/","og_locale":"en_US","og_type":"article","og_title":"Drugo - BLACKBLOX","og_description":"V segmentu drugo lahko preverite, kaj vse vam ob celostnih poslovnih re\u0161itvah ponujamo v podjetju Blackblox.","og_url":"https:\/\/blackblox.si\/en\/drugo\/","og_site_name":"BLACKBLOX","article_publisher":"https:\/\/www.facebook.com\/blackbloxsocial\/","article_modified_time":"2023-07-09T08:18:33+00:00","twitter_card":"summary_large_image","twitter_misc":{"Est. reading time":"2 minutes"},"schema":{"@context":"https:\/\/schema.org","@graph":[{"@type":"WebPage","@id":"https:\/\/blackblox.si\/drugo\/","url":"https:\/\/blackblox.si\/drugo\/","name":"Drugo - BLACKBLOX","isPartOf":{"@id":"https:\/\/blackblox.si\/#website"},"datePublished":"2021-09-02T11:49:55+00:00","dateModified":"2023-07-09T08:18:33+00:00","description":"V segmentu drugo lahko preverite, kaj vse vam ob celostnih poslovnih re\u0161itvah ponujamo v podjetju Blackblox.","breadcrumb":{"@id":"https:\/\/blackblox.si\/drugo\/#breadcrumb"},"inLanguage":"en-US","potentialAction":[{"@type":"ReadAction","target":["https:\/\/blackblox.si\/drugo\/"]}]},{"@type":"BreadcrumbList","@id":"https:\/\/blackblox.si\/drugo\/#breadcrumb","itemListElement":[{"@type":"ListItem","position":1,"name":"Home","item":"https:\/\/blackblox.si\/"},{"@type":"ListItem","position":2,"name":"Drugo"}]},{"@type":"WebSite","@id":"https:\/\/blackblox.si\/#website","url":"https:\/\/blackblox.si\/","name":"BLACKBLOX","description":"BLACKBLOX","publisher":{"@id":"https:\/\/blackblox.si\/#organization"},"potentialAction":[{"@type":"SearchAction","target":{"@type":"EntryPoint","urlTemplate":"https:\/\/blackblox.si\/?s={search_term_string}"},"query-input":"required name=search_term_string"}],"inLanguage":"en-US"},{"@type":"Organization","@id":"https:\/\/blackblox.si\/#organization","name":"Blackblox d. o. o.","url":"https:\/\/blackblox.si\/","logo":{"@type":"ImageObject","inLanguage":"en-US","@id":"https:\/\/blackblox.si\/#\/schema\/logo\/image\/","url":"https:\/\/blackblox.si\/wp-content\/uploads\/2022\/07\/cropped-Logo-4.1.-1.png","contentUrl":"https:\/\/blackblox.si\/wp-content\/uploads\/2022\/07\/cropped-Logo-4.1.-1.png","width":4509,"height":953,"caption":"Blackblox d. o. o."},"image":{"@id":"https:\/\/blackblox.si\/#\/schema\/logo\/image\/"},"sameAs":["https:\/\/www.facebook.com\/blackbloxsocial\/","https:\/\/www.linkedin.com\/company\/blackbloxsi\/"]}]}},"_links":{"self":[{"href":"https:\/\/blackblox.si\/en\/wp-json\/wp\/v2\/pages\/873","targetHints":{"allow":["GET"]}}],"collection":[{"href":"https:\/\/blackblox.si\/en\/wp-json\/wp\/v2\/pages"}],"about":[{"href":"https:\/\/blackblox.si\/en\/wp-json\/wp\/v2\/types\/page"}],"author":[{"embeddable":true,"href":"https:\/\/blackblox.si\/en\/wp-json\/wp\/v2\/users\/1"}],"replies":[{"embeddable":true,"href":"https:\/\/blackblox.si\/en\/wp-json\/wp\/v2\/comments?post=873"}],"version-history":[{"count":2,"href":"https:\/\/blackblox.si\/en\/wp-json\/wp\/v2\/pages\/873\/revisions"}],"predecessor-version":[{"id":3314,"href":"https:\/\/blackblox.si\/en\/wp-json\/wp\/v2\/pages\/873\/revisions\/3314"}],"wp:attachment":[{"href":"https:\/\/blackblox.si\/en\/wp-json\/wp\/v2\/media?parent=873"}],"curies":[{"name":"wp","href":"https:\/\/api.w.org\/{rel}","templated":true}]}}